{"id":860,"date":"2022-08-25T17:33:58","date_gmt":"2022-08-25T17:33:58","guid":{"rendered":"https:\/\/www.tiyoma-trade-tourism.com\/?page_id=860"},"modified":"2022-09-03T19:59:48","modified_gmt":"2022-09-03T19:59:48","slug":"sudanese-products","status":"publish","type":"page","link":"https:\/\/www.tiyoma-trade-tourism.com\/en\/sudanese-products\/","title":{"rendered":"Sudanese products"},"content":{"rendered":"\t\t<div data-elementor-type=\"wp-page\" data-elementor-id=\"860\" class=\"elementor elementor-860\">\n\t\t\t\t\t\t<section class=\"penci-section penci-disSticky penci-structure-20 elementor-section elementor-top-section elementor-element elementor-element-f542010 elementor-section-boxed elementor-section-height-default elementor-section-height-default\" data-id=\"f542010\" data-element_type=\"section\">\n\t\t\t\t\t\t<div class=\"elementor-container elementor-column-gap-default\">\n\t\t\t\t\t<div class=\"penci-ercol-50 penci-ercol-order-1 penci-sticky-ct    elementor-column elementor-col-50 elementor-top-column elementor-element elementor-element-dc63b93\" data-id=\"dc63b93\" data-element_type=\"column\">\n\t\t\t<div class=\"elementor-widget-wrap elementor-element-populated\">\n\t\t\t\t\t\t<div class=\"elementor-element elementor-element-67efdb4 elementor-widget elementor-widget-penci-text-block\" data-id=\"67efdb4\" data-element_type=\"widget\" data-widget_type=\"penci-text-block.default\">\n\t\t\t\t<div class=\"elementor-widget-container\">\n\t\t\t\t\t<div class=\"penci-block-vc penci-text-editor\">\r\n\t\t\t\t\t\t<div class=\"penci-block_content\">\r\n\t\t\t\t<div class=\"elementor-text-editor elementor-clearfix\"><p>Teoma Trading puts in your hands a summary of what the virgin land has produced<br \/>The products are completely free of chemical additives<br \/>Sesame<br \/>Peanuts<br \/>acacia<br \/>Corn and wheat grains<br \/>legumes<br \/>forest products<br \/>summer fruits<br \/>cooking oil<br \/>Bee&#8217;s honey<br \/>charcoal<\/p><\/div>\r\n\t\t\t<\/div>\r\n\t\t<\/div>\r\n\t\t\t\t<\/div>\n\t\t\t\t<\/div>\n\t\t\t\t\t<\/div>\n\t\t<\/div>\n\t\t\t\t<div class=\"penci-ercol-50 penci-ercol-order-2 penci-sticky-ct    elementor-column elementor-col-50 elementor-top-column elementor-element elementor-element-1f63882\" data-id=\"1f63882\" data-element_type=\"column\">\n\t\t\t<div class=\"elementor-widget-wrap elementor-element-populated\">\n\t\t\t\t\t\t<div class=\"elementor-element elementor-element-c968358 elementor-widget elementor-widget-image\" data-id=\"c968358\" data-element_type=\"widget\" data-widget_type=\"image.default\">\n\t\t\t\t<div class=\"elementor-widget-container\">\n\t\t\t<style>\/*! elementor - v3.23.0 - 05-08-2024 *\/\n.elementor-widget-image{text-align:center}.elementor-widget-image a{display:inline-block}.elementor-widget-image a img[src$=\".svg\"]{width:48px}.elementor-widget-image img{vertical-align:middle;display:inline-block}<\/style>\t\t\t\t\t\t\t\t\t\t<img fetchpriority=\"high\" decoding=\"async\" width=\"768\" height=\"509\" src=\"https:\/\/i0.wp.com\/www.tiyoma-trade-tourism.com\/en\/wp-content\/uploads\/2022\/08\/\u064a\u0627\u0633\u064a\u0646-1-1.jpg?fit=768%2C509&amp;ssl=1\" class=\"attachment-large size-large wp-image-866\" alt=\"\" srcset=\"https:\/\/i0.wp.com\/www.tiyoma-trade-tourism.com\/en\/wp-content\/uploads\/2022\/08\/\u064a\u0627\u0633\u064a\u0646-1-1.jpg?w=768&amp;ssl=1 768w, https:\/\/i0.wp.com\/www.tiyoma-trade-tourism.com\/en\/wp-content\/uploads\/2022\/08\/\u064a\u0627\u0633\u064a\u0646-1-1.jpg?resize=300%2C199&amp;ssl=1 300w, https:\/\/i0.wp.com\/www.tiyoma-trade-tourism.com\/en\/wp-content\/uploads\/2022\/08\/\u064a\u0627\u0633\u064a\u0646-1-1.jpg?resize=585%2C388&amp;ssl=1 585w, https:\/\/i0.wp.com\/www.tiyoma-trade-tourism.com\/en\/wp-content\/uploads\/2022\/08\/\u064a\u0627\u0633\u064a\u0646-1-1.jpg?resize=263%2C175&amp;ssl=1 263w\" sizes=\"(max-width: 768px) 100vw, 768px\" \/>\t\t\t\t\t\t\t\t\t\t\t\t\t<\/div>\n\t\t\t\t<\/div>\n\t\t\t\t\t<\/div>\n\t\t<\/div>\n\t\t\t\t\t<\/div>\n\t\t<\/section>\n\t\t\t\t<\/div>\n\t\t","protected":false},"excerpt":{"rendered":"<p>Teoma Trading puts in your hands a summary of what the virgin land has producedThe products are completely free of chemical additivesSesamePeanutsacaciaCorn and wheat grainslegumesforest productssummer fruitscooking oilBee&#8217;s honeycharcoal<\/p>\n","protected":false},"author":1,"featured_media":0,"parent":0,"menu_order":0,"comment_status":"open","ping_status":"closed","template":"","meta":[],"jetpack-related-posts":[{"id":806,"url":"https:\/\/www.tiyoma-trade-tourism.com\/en\/poultry\/","url_meta":{"origin":860,"position":0},"title":"poultry","author":"admin","date":"August 25, 2022","format":false,"excerpt":"\u062a\u064a\u0648\u0645\u0627 \u0644\u0644\u062a\u062c\u0627\u0631\u0629 \u062a\u0648\u0641\u0631 \u0644\u0643\u0645 \u0639\u0646\u0627\u0621 \u0627\u0644\u0628\u062d\u062b \u0639\u0646 \u0627\u062d\u062a\u064a\u0627\u062c\u0627\u062a\u0643\u0645\u0645\u0646 \u0627\u0633\u062a\u064a\u0631\u0627\u062f \u0643\u0627\u0641\u0629 \u0623\u0646\u0648\u0627\u0639 \u0627\u0644\u062f\u0648\u0627\u062c\u0646\u0648 \u062a\u0642\u062f\u0645 \u0643\u0627\u0641\u0629 \u0627\u0644\u062f\u0639\u0645 \u0627\u0644\u0641\u0646\u064a \u0648\u0627\u0644\u0644\u0648\u062c\u064a\u0633\u062a\u064a","rel":"","context":"Similar post","block_context":{"text":"Similar post","link":""},"img":{"alt_text":"","src":"https:\/\/i0.wp.com\/www.tiyoma-trade-tourism.com\/wp-content\/uploads\/2022\/08\/\u00d9\u2026\u00d8\u00b4\u00d8\u00b1\u00d9\u02c6\u00d8\u00b9-\u00d8\u00aa\u00d8\u00b1\u00d8\u00a8\u00d9\u0160\u00d8\u00a9-\u00d8\u00a7\u00d9\u201e\u00d8\u00af\u00d9\u02c6\u00d8\u00a7\u00d8\u00ac\u00d9\u2020-\u00d9\u0081\u00d9\u0160-\u00d8\u00aa\u00d8\u00b1\u00d9\u0192\u00d9\u0160\u00d8\u00a7-1024x732-1.jpg?resize=350%2C200&ssl=1","width":350,"height":200,"srcset":"https:\/\/i0.wp.com\/www.tiyoma-trade-tourism.com\/wp-content\/uploads\/2022\/08\/\u00d9\u2026\u00d8\u00b4\u00d8\u00b1\u00d9\u02c6\u00d8\u00b9-\u00d8\u00aa\u00d8\u00b1\u00d8\u00a8\u00d9\u0160\u00d8\u00a9-\u00d8\u00a7\u00d9\u201e\u00d8\u00af\u00d9\u02c6\u00d8\u00a7\u00d8\u00ac\u00d9\u2020-\u00d9\u0081\u00d9\u0160-\u00d8\u00aa\u00d8\u00b1\u00d9\u0192\u00d9\u0160\u00d8\u00a7-1024x732-1.jpg?resize=350%2C200&ssl=1 1x, https:\/\/i0.wp.com\/www.tiyoma-trade-tourism.com\/wp-content\/uploads\/2022\/08\/\u00d9\u2026\u00d8\u00b4\u00d8\u00b1\u00d9\u02c6\u00d8\u00b9-\u00d8\u00aa\u00d8\u00b1\u00d8\u00a8\u00d9\u0160\u00d8\u00a9-\u00d8\u00a7\u00d9\u201e\u00d8\u00af\u00d9\u02c6\u00d8\u00a7\u00d8\u00ac\u00d9\u2020-\u00d9\u0081\u00d9\u0160-\u00d8\u00aa\u00d8\u00b1\u00d9\u0192\u00d9\u0160\u00d8\u00a7-1024x732-1.jpg?resize=525%2C300&ssl=1 1.5x, https:\/\/i0.wp.com\/www.tiyoma-trade-tourism.com\/wp-content\/uploads\/2022\/08\/\u00d9\u2026\u00d8\u00b4\u00d8\u00b1\u00d9\u02c6\u00d8\u00b9-\u00d8\u00aa\u00d8\u00b1\u00d8\u00a8\u00d9\u0160\u00d8\u00a9-\u00d8\u00a7\u00d9\u201e\u00d8\u00af\u00d9\u02c6\u00d8\u00a7\u00d8\u00ac\u00d9\u2020-\u00d9\u0081\u00d9\u0160-\u00d8\u00aa\u00d8\u00b1\u00d9\u0192\u00d9\u0160\u00d8\u00a7-1024x732-1.jpg?resize=700%2C400&ssl=1 2x"},"classes":[]},{"id":809,"url":"https:\/\/www.tiyoma-trade-tourism.com\/en\/pets\/","url_meta":{"origin":860,"position":1},"title":"Pets","author":"admin","date":"August 25, 2022","format":false,"excerpt":"\u062a\u064a\u0648\u0645\u0627 \u0644\u0644\u062a\u062c\u0627\u0631\u0629 \u062a\u0648\u0641\u0631 \u0644\u0643\u0645 \u0639\u0646\u0627\u0621 \u0627\u0644\u0628\u062d\u062b \u0639\u0646 \u0627\u062d\u062a\u064a\u0627\u062c\u0627\u062a\u0643\u0645\u0645\u0646 \u0627\u0633\u062a\u064a\u0631\u0627\u062f \u062c\u0645\u064a\u0639 \u0627\u0646\u0648\u0627\u0639 \u0627\u0644\u062d\u064a\u0648\u0627\u0646\u0627\u062a \u0627\u0644\u0627\u0644\u064a\u0641\u0629 \u0648\u0627\u0644\u0645\u0646\u0632\u0644\u064a\u0629\u0648 \u062a\u0642\u062f\u0645 \u0643\u0627\u0641\u0629 \u0627\u0644\u062f\u0639\u0645 \u0627\u0644\u0641\u0646\u064a \u0648\u0627\u0644\u0644\u0648\u062c\u064a\u0633\u062a\u064a","rel":"","context":"Similar post","block_context":{"text":"Similar post","link":""},"img":{"alt_text":"","src":"https:\/\/i0.wp.com\/www.tiyoma-trade-tourism.com\/wp-content\/uploads\/2022\/08\/1.jpg?resize=350%2C200&ssl=1","width":350,"height":200},"classes":[]},{"id":323,"url":"https:\/\/www.tiyoma-trade-tourism.com\/en\/food\/","url_meta":{"origin":860,"position":2},"title":"Food","author":"admin","date":"August 20, 2022","format":false,"excerpt":"\u062a\u064a\u0648\u0645\u0627 \u0644\u0644\u062a\u062c\u0627\u0631\u0629 \u062a\u0648\u0641\u0631 \u0644\u0643\u0645 \u0639\u0646\u0627\u0621 \u0627\u0644\u0628\u062d\u062b \u0639\u0646 \u0627\u062d\u062a\u064a\u0627\u062c\u0627\u062a\u0643\u0645 \u0645\u0646 \u0627\u0633\u062a\u064a\u0631\u0627\u062f \u0643\u0627\u0641\u0629 \u0623\u0646\u0648\u0627\u0639 \u0627\u0644\u0645\u0648\u0627\u062f \u0627\u0644\u063a\u0630\u0627\u0626\u064a\u0629 \u0648 \u062a\u0642\u062f\u0645 \u0643\u0627\u0641\u0629 \u0627\u0644\u062f\u0639\u0645 \u0627\u0644\u0641\u0646\u064a \u0648\u0627\u0644\u0644\u0648\u062c\u064a\u0633\u062a\u064a","rel":"","context":"Similar post","block_context":{"text":"Similar post","link":""},"img":{"alt_text":"","src":"https:\/\/i0.wp.com\/www.tiyoma-trade-tourism.com\/wp-content\/uploads\/2022\/08\/55416bddcb633ce59061f3e456e6ad39.jpg?resize=350%2C200&ssl=1","width":350,"height":200,"srcset":"https:\/\/i0.wp.com\/www.tiyoma-trade-tourism.com\/wp-content\/uploads\/2022\/08\/55416bddcb633ce59061f3e456e6ad39.jpg?resize=350%2C200&ssl=1 1x, https:\/\/i0.wp.com\/www.tiyoma-trade-tourism.com\/wp-content\/uploads\/2022\/08\/55416bddcb633ce59061f3e456e6ad39.jpg?resize=525%2C300&ssl=1 1.5x, https:\/\/i0.wp.com\/www.tiyoma-trade-tourism.com\/wp-content\/uploads\/2022\/08\/55416bddcb633ce59061f3e456e6ad39.jpg?resize=700%2C400&ssl=1 2x"},"classes":[]},{"id":791,"url":"https:\/\/www.tiyoma-trade-tourism.com\/en\/baby-essentials\/","url_meta":{"origin":860,"position":3},"title":"baby essentials","author":"admin","date":"August 25, 2022","format":false,"excerpt":"\u062a\u064a\u0648\u0645\u0627 \u0644\u0644\u062a\u062c\u0627\u0631\u0629 \u062a\u0648\u0641\u0631 \u0644\u0643\u0645 \u0639\u0646\u0627\u0621 \u0627\u0644\u0628\u062d\u062b \u0639\u0646 \u0627\u062d\u062a\u064a\u0627\u062c\u0627\u062a\u0643\u0645\u0645\u0646 \u0627\u0633\u062a\u064a\u0631\u0627\u062f \u0643\u0627\u0641\u0629 \u0645\u0633\u062a\u0644\u0632\u0645\u0627\u062a \u0627\u0644\u0627\u0637\u0641\u0627\u0644\u0648 \u062a\u0642\u062f\u0645 \u0643\u0627\u0641\u0629 \u0627\u0644\u062f\u0639\u0645 \u0627\u0644\u0641\u0646\u064a \u0648\u0627\u0644\u0644\u0648\u062c\u064a\u0633\u062a\u064a","rel":"","context":"Similar post","block_context":{"text":"Similar post","link":""},"img":{"alt_text":"","src":"https:\/\/i0.wp.com\/www.tiyoma-trade-tourism.com\/wp-content\/uploads\/2022\/08\/maxresdefault-1024x576.jpg?resize=350%2C200&ssl=1","width":350,"height":200,"srcset":"https:\/\/i0.wp.com\/www.tiyoma-trade-tourism.com\/wp-content\/uploads\/2022\/08\/maxresdefault-1024x576.jpg?resize=350%2C200&ssl=1 1x, https:\/\/i0.wp.com\/www.tiyoma-trade-tourism.com\/wp-content\/uploads\/2022\/08\/maxresdefault-1024x576.jpg?resize=525%2C300&ssl=1 1.5x, https:\/\/i0.wp.com\/www.tiyoma-trade-tourism.com\/wp-content\/uploads\/2022\/08\/maxresdefault-1024x576.jpg?resize=700%2C400&ssl=1 2x"},"classes":[]},{"id":794,"url":"https:\/\/www.tiyoma-trade-tourism.com\/en\/beauty-tools\/","url_meta":{"origin":860,"position":4},"title":"Beauty Tools","author":"admin","date":"August 25, 2022","format":false,"excerpt":"\u062a\u064a\u0648\u0645\u0627 \u0644\u0644\u062a\u062c\u0627\u0631\u0629 \u062a\u0648\u0641\u0631 \u0644\u0643\u0645 \u0639\u0646\u0627\u0621 \u0627\u0644\u0628\u062d\u062b \u0639\u0646 \u0627\u062d\u062a\u064a\u0627\u062c\u0627\u062a\u0643\u0645\u0645\u0646 \u0627\u0633\u062a\u064a\u0631\u0627\u062f \u0643\u0627\u0641\u0629 \u0623\u0646\u0648\u0627\u0639 \u0627\u062f\u0648\u0627\u062a \u0627\u0644\u062a\u062c\u0645\u064a\u0644\u0648 \u062a\u0642\u062f\u0645 \u0643\u0627\u0641\u0629 \u0627\u0644\u062f\u0639\u0645 \u0627\u0644\u0641\u0646\u064a \u0648\u0627\u0644\u0644\u0648\u062c\u064a\u0633\u062a\u064a","rel":"","context":"Similar post","block_context":{"text":"Similar post","link":""},"img":{"alt_text":"","src":"","width":0,"height":0},"classes":[]},{"id":797,"url":"https:\/\/www.tiyoma-trade-tourism.com\/en\/industrial-machinery\/","url_meta":{"origin":860,"position":5},"title":"industrial machinery","author":"admin","date":"August 25, 2022","format":false,"excerpt":"\u062a\u064a\u0648\u0645\u0627 \u0644\u0644\u062a\u062c\u0627\u0631\u0629 \u062a\u0648\u0641\u0631 \u0644\u0643\u0645 \u0639\u0646\u0627\u0621 \u0627\u0644\u0628\u062d\u062b \u0639\u0646 \u0627\u062d\u062a\u064a\u0627\u062c\u0627\u062a\u0643\u0645\u0645\u0646 \u0627\u0633\u062a\u064a\u0631\u0627\u062f \u0643\u0627\u0641\u0629 \u0623\u0646\u0648\u0627\u0639 \u0627\u0644\u0627\u0644\u0627\u062a \u0627\u0644\u0635\u0646\u0627\u0639\u064a\u0629\u0648 \u062a\u0642\u062f\u0645 \u0643\u0627\u0641\u0629 \u0627\u0644\u062f\u0639\u0645 \u0627\u0644\u0641\u0646\u064a \u0648\u0627\u0644\u0644\u0648\u062c\u064a\u0633\u062a\u064a","rel":"","context":"Similar post","block_context":{"text":"Similar post","link":""},"img":{"alt_text":"","src":"https:\/\/i0.wp.com\/www.tiyoma-trade-tourism.com\/wp-content\/uploads\/2022\/08\/dacs-g-hr-3000-286x300.jpg?resize=350%2C200&ssl=1","width":350,"height":200},"classes":[]}],"_links":{"self":[{"href":"https:\/\/www.tiyoma-trade-tourism.com\/en\/wp-json\/wp\/v2\/pages\/860"}],"collection":[{"href":"https:\/\/www.tiyoma-trade-tourism.com\/en\/wp-json\/wp\/v2\/pages"}],"about":[{"href":"https:\/\/www.tiyoma-trade-tourism.com\/en\/wp-json\/wp\/v2\/types\/page"}],"author":[{"embeddable":true,"href":"https:\/\/www.tiyoma-trade-tourism.com\/en\/wp-json\/wp\/v2\/users\/1"}],"replies":[{"embeddable":true,"href":"https:\/\/www.tiyoma-trade-tourism.com\/en\/wp-json\/wp\/v2\/comments?post=860"}],"version-history":[{"count":12,"href":"https:\/\/www.tiyoma-trade-tourism.com\/en\/wp-json\/wp\/v2\/pages\/860\/revisions"}],"predecessor-version":[{"id":1272,"href":"https:\/\/www.tiyoma-trade-tourism.com\/en\/wp-json\/wp\/v2\/pages\/860\/revisions\/1272"}],"wp:attachment":[{"href":"https:\/\/www.tiyoma-trade-tourism.com\/en\/wp-json\/wp\/v2\/media?parent=860"}],"curies":[{"name":"wp","href":"https:\/\/api.w.org\/{rel}","templated":true}]}}