{"id":809,"date":"2022-08-25T13:53:52","date_gmt":"2022-08-25T13:53:52","guid":{"rendered":"https:\/\/www.tiyoma-trade-tourism.com\/?page_id=809"},"modified":"2022-09-03T19:48:26","modified_gmt":"2022-09-03T19:48:26","slug":"pets","status":"publish","type":"page","link":"https:\/\/www.tiyoma-trade-tourism.com\/en\/pets\/","title":{"rendered":"Pets"},"content":{"rendered":"\t\t<div data-elementor-type=\"wp-page\" data-elementor-id=\"809\" class=\"elementor elementor-809\">\n\t\t\t\t\t\t<section class=\"penci-section penci-disSticky penci-structure-20 elementor-section elementor-top-section elementor-element elementor-element-49df130 elementor-section-boxed elementor-section-height-default elementor-section-height-default\" data-id=\"49df130\" data-element_type=\"section\">\n\t\t\t\t\t\t<div class=\"elementor-container elementor-column-gap-default\">\n\t\t\t\t\t<div class=\"penci-ercol-50 penci-ercol-order-1 penci-sticky-ct    elementor-column elementor-col-50 elementor-top-column elementor-element elementor-element-be4e9de\" data-id=\"be4e9de\" data-element_type=\"column\">\n\t\t\t<div class=\"elementor-widget-wrap elementor-element-populated\">\n\t\t\t\t\t\t<div class=\"elementor-element elementor-element-69d0306 elementor-widget elementor-widget-penci-text-block\" data-id=\"69d0306\" data-element_type=\"widget\" data-widget_type=\"penci-text-block.default\">\n\t\t\t\t<div class=\"elementor-widget-container\">\n\t\t\t\t\t<div class=\"penci-block-vc penci-text-editor\">\r\n\t\t\t\t\t\t<div class=\"penci-block_content\">\r\n\t\t\t\t<div class=\"elementor-text-editor elementor-clearfix\"><p>\u062a\u064a\u0648\u0645\u0627 \u0644\u0644\u062a\u062c\u0627\u0631\u0629 \u062a\u0648\u0641\u0631 \u0644\u0643\u0645 \u0639\u0646\u0627\u0621 \u0627\u0644\u0628\u062d\u062b \u0639\u0646 \u0627\u062d\u062a\u064a\u0627\u062c\u0627\u062a\u0643\u0645<br \/>\u0645\u0646 \u0627\u0633\u062a\u064a\u0631\u0627\u062f \u062c\u0645\u064a\u0639 \u0627\u0646\u0648\u0627\u0639 \u0627\u0644\u062d\u064a\u0648\u0627\u0646\u0627\u062a \u0627\u0644\u0627\u0644\u064a\u0641\u0629 \u0648\u0627\u0644\u0645\u0646\u0632\u0644\u064a\u0629<br \/>\u0648 \u062a\u0642\u062f\u0645 \u0643\u0627\u0641\u0629 \u0627\u0644\u062f\u0639\u0645 \u0627\u0644\u0641\u0646\u064a \u0648\u0627\u0644\u0644\u0648\u062c\u064a\u0633\u062a\u064a<\/p><\/div>\r\n\t\t\t<\/div>\r\n\t\t<\/div>\r\n\t\t\t\t<\/div>\n\t\t\t\t<\/div>\n\t\t\t\t\t<\/div>\n\t\t<\/div>\n\t\t\t\t<div class=\"penci-ercol-50 penci-ercol-order-2 penci-sticky-ct    elementor-column elementor-col-50 elementor-top-column elementor-element elementor-element-590deee\" data-id=\"590deee\" data-element_type=\"column\">\n\t\t\t<div class=\"elementor-widget-wrap elementor-element-populated\">\n\t\t\t\t\t\t<div class=\"elementor-element elementor-element-a00d8be elementor-widget elementor-widget-image\" data-id=\"a00d8be\" data-element_type=\"widget\" data-widget_type=\"image.default\">\n\t\t\t\t<div class=\"elementor-widget-container\">\n\t\t\t<style>\/*! elementor - v3.23.0 - 05-08-2024 *\/\n.elementor-widget-image{text-align:center}.elementor-widget-image a{display:inline-block}.elementor-widget-image a img[src$=\".svg\"]{width:48px}.elementor-widget-image img{vertical-align:middle;display:inline-block}<\/style>\t\t\t\t\t\t\t\t\t\t<img fetchpriority=\"high\" decoding=\"async\" width=\"500\" height=\"252\" src=\"https:\/\/i0.wp.com\/www.tiyoma-trade-tourism.com\/en\/wp-content\/uploads\/2022\/08\/1.jpg?fit=500%2C252&amp;ssl=1\" class=\"attachment-large size-large wp-image-951\" alt=\"\" srcset=\"https:\/\/i0.wp.com\/www.tiyoma-trade-tourism.com\/en\/wp-content\/uploads\/2022\/08\/1.jpg?w=500&amp;ssl=1 500w, https:\/\/i0.wp.com\/www.tiyoma-trade-tourism.com\/en\/wp-content\/uploads\/2022\/08\/1.jpg?resize=300%2C151&amp;ssl=1 300w\" sizes=\"(max-width: 500px) 100vw, 500px\" \/>\t\t\t\t\t\t\t\t\t\t\t\t\t<\/div>\n\t\t\t\t<\/div>\n\t\t\t\t\t<\/div>\n\t\t<\/div>\n\t\t\t\t\t<\/div>\n\t\t<\/section>\n\t\t\t\t<\/div>\n\t\t","protected":false},"excerpt":{"rendered":"<p>\u062a\u064a\u0648\u0645\u0627 \u0644\u0644\u062a\u062c\u0627\u0631\u0629 \u062a\u0648\u0641\u0631 \u0644\u0643\u0645 \u0639\u0646\u0627\u0621 \u0627\u0644\u0628\u062d\u062b \u0639\u0646 \u0627\u062d\u062a\u064a\u0627\u062c\u0627\u062a\u0643\u0645\u0645\u0646 \u0627\u0633\u062a\u064a\u0631\u0627\u062f \u062c\u0645\u064a\u0639 \u0627\u0646\u0648\u0627\u0639 \u0627\u0644\u062d\u064a\u0648\u0627\u0646\u0627\u062a \u0627\u0644\u0627\u0644\u064a\u0641\u0629 \u0648\u0627\u0644\u0645\u0646\u0632\u0644\u064a\u0629\u0648 \u062a\u0642\u062f\u0645 \u0643\u0627\u0641\u0629 \u0627\u0644\u062f\u0639\u0645 \u0627\u0644\u0641\u0646\u064a \u0648\u0627\u0644\u0644\u0648\u062c\u064a\u0633\u062a\u064a<\/p>\n","protected":false},"author":1,"featured_media":0,"parent":0,"menu_order":0,"comment_status":"closed","ping_status":"closed","template":"","meta":[],"jetpack-related-posts":[{"id":806,"url":"https:\/\/www.tiyoma-trade-tourism.com\/en\/poultry\/","url_meta":{"origin":809,"position":0},"title":"poultry","author":"admin","date":"August 25, 2022","format":false,"excerpt":"\u062a\u064a\u0648\u0645\u0627 \u0644\u0644\u062a\u062c\u0627\u0631\u0629 \u062a\u0648\u0641\u0631 \u0644\u0643\u0645 \u0639\u0646\u0627\u0621 \u0627\u0644\u0628\u062d\u062b \u0639\u0646 \u0627\u062d\u062a\u064a\u0627\u062c\u0627\u062a\u0643\u0645\u0645\u0646 \u0627\u0633\u062a\u064a\u0631\u0627\u062f \u0643\u0627\u0641\u0629 \u0623\u0646\u0648\u0627\u0639 \u0627\u0644\u062f\u0648\u0627\u062c\u0646\u0648 \u062a\u0642\u062f\u0645 \u0643\u0627\u0641\u0629 \u0627\u0644\u062f\u0639\u0645 \u0627\u0644\u0641\u0646\u064a \u0648\u0627\u0644\u0644\u0648\u062c\u064a\u0633\u062a\u064a","rel":"","context":"Similar post","block_context":{"text":"Similar post","link":""},"img":{"alt_text":"","src":"https:\/\/i0.wp.com\/www.tiyoma-trade-tourism.com\/wp-content\/uploads\/2022\/08\/\u00d9\u2026\u00d8\u00b4\u00d8\u00b1\u00d9\u02c6\u00d8\u00b9-\u00d8\u00aa\u00d8\u00b1\u00d8\u00a8\u00d9\u0160\u00d8\u00a9-\u00d8\u00a7\u00d9\u201e\u00d8\u00af\u00d9\u02c6\u00d8\u00a7\u00d8\u00ac\u00d9\u2020-\u00d9\u0081\u00d9\u0160-\u00d8\u00aa\u00d8\u00b1\u00d9\u0192\u00d9\u0160\u00d8\u00a7-1024x732-1.jpg?resize=350%2C200&ssl=1","width":350,"height":200,"srcset":"https:\/\/i0.wp.com\/www.tiyoma-trade-tourism.com\/wp-content\/uploads\/2022\/08\/\u00d9\u2026\u00d8\u00b4\u00d8\u00b1\u00d9\u02c6\u00d8\u00b9-\u00d8\u00aa\u00d8\u00b1\u00d8\u00a8\u00d9\u0160\u00d8\u00a9-\u00d8\u00a7\u00d9\u201e\u00d8\u00af\u00d9\u02c6\u00d8\u00a7\u00d8\u00ac\u00d9\u2020-\u00d9\u0081\u00d9\u0160-\u00d8\u00aa\u00d8\u00b1\u00d9\u0192\u00d9\u0160\u00d8\u00a7-1024x732-1.jpg?resize=350%2C200&ssl=1 1x, https:\/\/i0.wp.com\/www.tiyoma-trade-tourism.com\/wp-content\/uploads\/2022\/08\/\u00d9\u2026\u00d8\u00b4\u00d8\u00b1\u00d9\u02c6\u00d8\u00b9-\u00d8\u00aa\u00d8\u00b1\u00d8\u00a8\u00d9\u0160\u00d8\u00a9-\u00d8\u00a7\u00d9\u201e\u00d8\u00af\u00d9\u02c6\u00d8\u00a7\u00d8\u00ac\u00d9\u2020-\u00d9\u0081\u00d9\u0160-\u00d8\u00aa\u00d8\u00b1\u00d9\u0192\u00d9\u0160\u00d8\u00a7-1024x732-1.jpg?resize=525%2C300&ssl=1 1.5x, https:\/\/i0.wp.com\/www.tiyoma-trade-tourism.com\/wp-content\/uploads\/2022\/08\/\u00d9\u2026\u00d8\u00b4\u00d8\u00b1\u00d9\u02c6\u00d8\u00b9-\u00d8\u00aa\u00d8\u00b1\u00d8\u00a8\u00d9\u0160\u00d8\u00a9-\u00d8\u00a7\u00d9\u201e\u00d8\u00af\u00d9\u02c6\u00d8\u00a7\u00d8\u00ac\u00d9\u2020-\u00d9\u0081\u00d9\u0160-\u00d8\u00aa\u00d8\u00b1\u00d9\u0192\u00d9\u0160\u00d8\u00a7-1024x732-1.jpg?resize=700%2C400&ssl=1 2x"},"classes":[]},{"id":323,"url":"https:\/\/www.tiyoma-trade-tourism.com\/en\/food\/","url_meta":{"origin":809,"position":1},"title":"Food","author":"admin","date":"August 20, 2022","format":false,"excerpt":"\u062a\u064a\u0648\u0645\u0627 \u0644\u0644\u062a\u062c\u0627\u0631\u0629 \u062a\u0648\u0641\u0631 \u0644\u0643\u0645 \u0639\u0646\u0627\u0621 \u0627\u0644\u0628\u062d\u062b \u0639\u0646 \u0627\u062d\u062a\u064a\u0627\u062c\u0627\u062a\u0643\u0645 \u0645\u0646 \u0627\u0633\u062a\u064a\u0631\u0627\u062f \u0643\u0627\u0641\u0629 \u0623\u0646\u0648\u0627\u0639 \u0627\u0644\u0645\u0648\u0627\u062f \u0627\u0644\u063a\u0630\u0627\u0626\u064a\u0629 \u0648 \u062a\u0642\u062f\u0645 \u0643\u0627\u0641\u0629 \u0627\u0644\u062f\u0639\u0645 \u0627\u0644\u0641\u0646\u064a \u0648\u0627\u0644\u0644\u0648\u062c\u064a\u0633\u062a\u064a","rel":"","context":"Similar post","block_context":{"text":"Similar post","link":""},"img":{"alt_text":"","src":"https:\/\/i0.wp.com\/www.tiyoma-trade-tourism.com\/wp-content\/uploads\/2022\/08\/55416bddcb633ce59061f3e456e6ad39.jpg?resize=350%2C200&ssl=1","width":350,"height":200,"srcset":"https:\/\/i0.wp.com\/www.tiyoma-trade-tourism.com\/wp-content\/uploads\/2022\/08\/55416bddcb633ce59061f3e456e6ad39.jpg?resize=350%2C200&ssl=1 1x, https:\/\/i0.wp.com\/www.tiyoma-trade-tourism.com\/wp-content\/uploads\/2022\/08\/55416bddcb633ce59061f3e456e6ad39.jpg?resize=525%2C300&ssl=1 1.5x, https:\/\/i0.wp.com\/www.tiyoma-trade-tourism.com\/wp-content\/uploads\/2022\/08\/55416bddcb633ce59061f3e456e6ad39.jpg?resize=700%2C400&ssl=1 2x"},"classes":[]},{"id":791,"url":"https:\/\/www.tiyoma-trade-tourism.com\/en\/baby-essentials\/","url_meta":{"origin":809,"position":2},"title":"baby essentials","author":"admin","date":"August 25, 2022","format":false,"excerpt":"\u062a\u064a\u0648\u0645\u0627 \u0644\u0644\u062a\u062c\u0627\u0631\u0629 \u062a\u0648\u0641\u0631 \u0644\u0643\u0645 \u0639\u0646\u0627\u0621 \u0627\u0644\u0628\u062d\u062b \u0639\u0646 \u0627\u062d\u062a\u064a\u0627\u062c\u0627\u062a\u0643\u0645\u0645\u0646 \u0627\u0633\u062a\u064a\u0631\u0627\u062f \u0643\u0627\u0641\u0629 \u0645\u0633\u062a\u0644\u0632\u0645\u0627\u062a \u0627\u0644\u0627\u0637\u0641\u0627\u0644\u0648 \u062a\u0642\u062f\u0645 \u0643\u0627\u0641\u0629 \u0627\u0644\u062f\u0639\u0645 \u0627\u0644\u0641\u0646\u064a \u0648\u0627\u0644\u0644\u0648\u062c\u064a\u0633\u062a\u064a","rel":"","context":"Similar post","block_context":{"text":"Similar post","link":""},"img":{"alt_text":"","src":"https:\/\/i0.wp.com\/www.tiyoma-trade-tourism.com\/wp-content\/uploads\/2022\/08\/maxresdefault-1024x576.jpg?resize=350%2C200&ssl=1","width":350,"height":200,"srcset":"https:\/\/i0.wp.com\/www.tiyoma-trade-tourism.com\/wp-content\/uploads\/2022\/08\/maxresdefault-1024x576.jpg?resize=350%2C200&ssl=1 1x, https:\/\/i0.wp.com\/www.tiyoma-trade-tourism.com\/wp-content\/uploads\/2022\/08\/maxresdefault-1024x576.jpg?resize=525%2C300&ssl=1 1.5x, https:\/\/i0.wp.com\/www.tiyoma-trade-tourism.com\/wp-content\/uploads\/2022\/08\/maxresdefault-1024x576.jpg?resize=700%2C400&ssl=1 2x"},"classes":[]},{"id":794,"url":"https:\/\/www.tiyoma-trade-tourism.com\/en\/beauty-tools\/","url_meta":{"origin":809,"position":3},"title":"Beauty Tools","author":"admin","date":"August 25, 2022","format":false,"excerpt":"\u062a\u064a\u0648\u0645\u0627 \u0644\u0644\u062a\u062c\u0627\u0631\u0629 \u062a\u0648\u0641\u0631 \u0644\u0643\u0645 \u0639\u0646\u0627\u0621 \u0627\u0644\u0628\u062d\u062b \u0639\u0646 \u0627\u062d\u062a\u064a\u0627\u062c\u0627\u062a\u0643\u0645\u0645\u0646 \u0627\u0633\u062a\u064a\u0631\u0627\u062f \u0643\u0627\u0641\u0629 \u0623\u0646\u0648\u0627\u0639 \u0627\u062f\u0648\u0627\u062a \u0627\u0644\u062a\u062c\u0645\u064a\u0644\u0648 \u062a\u0642\u062f\u0645 \u0643\u0627\u0641\u0629 \u0627\u0644\u062f\u0639\u0645 \u0627\u0644\u0641\u0646\u064a \u0648\u0627\u0644\u0644\u0648\u062c\u064a\u0633\u062a\u064a","rel":"","context":"Similar post","block_context":{"text":"Similar post","link":""},"img":{"alt_text":"","src":"","width":0,"height":0},"classes":[]},{"id":797,"url":"https:\/\/www.tiyoma-trade-tourism.com\/en\/industrial-machinery\/","url_meta":{"origin":809,"position":4},"title":"industrial machinery","author":"admin","date":"August 25, 2022","format":false,"excerpt":"\u062a\u064a\u0648\u0645\u0627 \u0644\u0644\u062a\u062c\u0627\u0631\u0629 \u062a\u0648\u0641\u0631 \u0644\u0643\u0645 \u0639\u0646\u0627\u0621 \u0627\u0644\u0628\u062d\u062b \u0639\u0646 \u0627\u062d\u062a\u064a\u0627\u062c\u0627\u062a\u0643\u0645\u0645\u0646 \u0627\u0633\u062a\u064a\u0631\u0627\u062f \u0643\u0627\u0641\u0629 \u0623\u0646\u0648\u0627\u0639 \u0627\u0644\u0627\u0644\u0627\u062a \u0627\u0644\u0635\u0646\u0627\u0639\u064a\u0629\u0648 \u062a\u0642\u062f\u0645 \u0643\u0627\u0641\u0629 \u0627\u0644\u062f\u0639\u0645 \u0627\u0644\u0641\u0646\u064a \u0648\u0627\u0644\u0644\u0648\u062c\u064a\u0633\u062a\u064a","rel":"","context":"Similar post","block_context":{"text":"Similar post","link":""},"img":{"alt_text":"","src":"https:\/\/i0.wp.com\/www.tiyoma-trade-tourism.com\/wp-content\/uploads\/2022\/08\/dacs-g-hr-3000-286x300.jpg?resize=350%2C200&ssl=1","width":350,"height":200},"classes":[]},{"id":803,"url":"https:\/\/www.tiyoma-trade-tourism.com\/en\/animal-production\/","url_meta":{"origin":809,"position":5},"title":"animal production","author":"admin","date":"August 25, 2022","format":false,"excerpt":"\u062a\u064a\u0648\u0645\u0627 \u0644\u0644\u062a\u062c\u0627\u0631\u0629 \u062a\u0648\u0641\u0631 \u0644\u0643\u0645 \u0639\u0646\u0627\u0621 \u0627\u0644\u0628\u062d\u062b \u0639\u0646 \u0627\u062d\u062a\u064a\u0627\u062c\u0627\u062a\u0643\u0645\u0645\u0646 \u0627\u0633\u062a\u064a\u0631\u0627\u062f \u0643\u0627\u0641\u0629 \u0623\u0646\u0648\u0627\u0639 \u0627\u0644\u0627\u0646\u062a\u0627\u062c \u0627\u0644\u062d\u064a\u0648\u0627\u0646\u064a\u0648 \u062a\u0642\u062f\u0645 \u0643\u0627\u0641\u0629 \u0627\u0644\u062f\u0639\u0645 \u0627\u0644\u0641\u0646\u064a \u0648\u0627\u0644\u0644\u0648\u062c\u064a\u0633\u062a\u064a","rel":"","context":"Similar post","block_context":{"text":"Similar post","link":""},"img":{"alt_text":"","src":"https:\/\/i0.wp.com\/www.tiyoma-trade-tourism.com\/wp-content\/uploads\/2022\/08\/KEY-3-1024x683.jpeg?resize=350%2C200&ssl=1","width":350,"height":200,"srcset":"https:\/\/i0.wp.com\/www.tiyoma-trade-tourism.com\/wp-content\/uploads\/2022\/08\/KEY-3-1024x683.jpeg?resize=350%2C200&ssl=1 1x, https:\/\/i0.wp.com\/www.tiyoma-trade-tourism.com\/wp-content\/uploads\/2022\/08\/KEY-3-1024x683.jpeg?resize=525%2C300&ssl=1 1.5x, https:\/\/i0.wp.com\/www.tiyoma-trade-tourism.com\/wp-content\/uploads\/2022\/08\/KEY-3-1024x683.jpeg?resize=700%2C400&ssl=1 2x"},"classes":[]}],"_links":{"self":[{"href":"https:\/\/www.tiyoma-trade-tourism.com\/en\/wp-json\/wp\/v2\/pages\/809"}],"collection":[{"href":"https:\/\/www.tiyoma-trade-tourism.com\/en\/wp-json\/wp\/v2\/pages"}],"about":[{"href":"https:\/\/www.tiyoma-trade-tourism.com\/en\/wp-json\/wp\/v2\/types\/page"}],"author":[{"embeddable":true,"href":"https:\/\/www.tiyoma-trade-tourism.com\/en\/wp-json\/wp\/v2\/users\/1"}],"replies":[{"embeddable":true,"href":"https:\/\/www.tiyoma-trade-tourism.com\/en\/wp-json\/wp\/v2\/comments?post=809"}],"version-history":[{"count":14,"href":"https:\/\/www.tiyoma-trade-tourism.com\/en\/wp-json\/wp\/v2\/pages\/809\/revisions"}],"predecessor-version":[{"id":1254,"href":"https:\/\/www.tiyoma-trade-tourism.com\/en\/wp-json\/wp\/v2\/pages\/809\/revisions\/1254"}],"wp:attachment":[{"href":"https:\/\/www.tiyoma-trade-tourism.com\/en\/wp-json\/wp\/v2\/media?parent=809"}],"curies":[{"name":"wp","href":"https:\/\/api.w.org\/{rel}","templated":true}]}}