{"id":325,"date":"2022-08-20T13:30:01","date_gmt":"2022-08-20T13:30:01","guid":{"rendered":"https:\/\/www.tiyoma-trade-tourism.com\/?page_id=325"},"modified":"2022-09-03T19:49:14","modified_gmt":"2022-09-03T19:49:14","slug":"clothing","status":"publish","type":"page","link":"https:\/\/www.tiyoma-trade-tourism.com\/en\/clothing\/","title":{"rendered":"Clothing"},"content":{"rendered":"\t\t<div data-elementor-type=\"wp-page\" data-elementor-id=\"325\" class=\"elementor elementor-325\">\n\t\t\t\t\t\t<section class=\"penci-section penci-disSticky penci-structure-20 elementor-section elementor-top-section elementor-element elementor-element-2da7918 elementor-section-boxed elementor-section-height-default elementor-section-height-default\" data-id=\"2da7918\" data-element_type=\"section\">\n\t\t\t\t\t\t<div class=\"elementor-container elementor-column-gap-default\">\n\t\t\t\t\t<div class=\"penci-ercol-50 penci-ercol-order-1 penci-sticky-ct    elementor-column elementor-col-50 elementor-top-column elementor-element elementor-element-01f5554\" data-id=\"01f5554\" data-element_type=\"column\">\n\t\t\t<div class=\"elementor-widget-wrap elementor-element-populated\">\n\t\t\t\t\t\t<div class=\"elementor-element elementor-element-f2cc880 elementor-widget elementor-widget-penci-text-block\" data-id=\"f2cc880\" data-element_type=\"widget\" data-widget_type=\"penci-text-block.default\">\n\t\t\t\t<div class=\"elementor-widget-container\">\n\t\t\t\t\t<div class=\"penci-block-vc penci-text-editor\">\r\n\t\t\t\t\t\t<div class=\"penci-block_content\">\r\n\t\t\t\t<div class=\"elementor-text-editor elementor-clearfix\"><p>\u062a\u064a\u0648\u0645\u0627 \u0644\u0644\u062a\u062c\u0627\u0631\u0629 \u062a\u0648\u0641\u0631 \u0644\u0643\u0645 \u0639\u0646\u0627\u0621 \u0627\u0644\u0628\u062d\u062b \u0639\u0646 \u0627\u062d\u062a\u064a\u0627\u062c\u0627\u062a\u0643\u0645 \u0645\u0646 \u0627\u0633\u062a\u064a\u0631\u0627\u062f \u0643\u0627\u0641\u0629 \u0623\u0646\u0648\u0627\u0639 \u0627\u0644\u0645\u0644\u0627\u0628\u0633 \u0644\u0643\u0627\u0641\u0629 \u0627\u0644\u0645\u0646\u0627\u0633\u0628\u0627\u062a \u0627\u0644\u0639\u0627\u0645\u0629 \u0648 \u0627\u0644\u062e\u0627\u0635\u0629 \u0643\u0645\u0627 \u062a\u0648\u0641\u0631 \u0627\u0644\u0632\u064a \u0627\u0644\u062e\u0627\u0635 \u0627\u0644\u0645\u0624\u0633\u0633\u0627\u062a \u0627\u0644\u062d\u0643\u0648\u0645\u064a\u0629 \u0648 \u0627\u0644\u062a\u0639\u0644\u064a\u0645\u064a\u0629 \u0648 \u062a\u0642\u062f\u0645 \u0643\u0627\u0641\u0629 \u0627\u0644\u062f\u0639\u0645 \u0627\u0644\u0641\u0646\u064a \u0648\u0627\u0644\u0644\u0648\u062c\u064a\u0633\u062a\u064a<\/p><\/div>\r\n\t\t\t<\/div>\r\n\t\t<\/div>\r\n\t\t\t\t<\/div>\n\t\t\t\t<\/div>\n\t\t\t\t\t<\/div>\n\t\t<\/div>\n\t\t\t\t<div class=\"penci-ercol-50 penci-ercol-order-2 penci-sticky-ct    elementor-column elementor-col-50 elementor-top-column elementor-element elementor-element-c0537df\" data-id=\"c0537df\" data-element_type=\"column\">\n\t\t\t<div class=\"elementor-widget-wrap elementor-element-populated\">\n\t\t\t\t\t\t<div class=\"elementor-element elementor-element-b3d5a42 elementor-widget elementor-widget-image\" data-id=\"b3d5a42\" data-element_type=\"widget\" data-widget_type=\"image.default\">\n\t\t\t\t<div class=\"elementor-widget-container\">\n\t\t\t<style>\/*! elementor - v3.23.0 - 05-08-2024 *\/\n.elementor-widget-image{text-align:center}.elementor-widget-image a{display:inline-block}.elementor-widget-image a img[src$=\".svg\"]{width:48px}.elementor-widget-image img{vertical-align:middle;display:inline-block}<\/style>\t\t\t\t\t\t\t\t\t\t<img fetchpriority=\"high\" decoding=\"async\" width=\"1024\" height=\"683\" src=\"https:\/\/i0.wp.com\/www.tiyoma-trade-tourism.com\/en\/wp-content\/uploads\/2022\/08\/\u0645\u0627\u0631\u0643\u0627\u062a-\u0627\u0644\u0645\u0644\u0627\u0628\u0633.jpg?fit=1024%2C683&amp;ssl=1\" class=\"attachment-large size-large wp-image-843\" alt=\"\" srcset=\"https:\/\/i0.wp.com\/www.tiyoma-trade-tourism.com\/en\/wp-content\/uploads\/2022\/08\/\u0645\u0627\u0631\u0643\u0627\u062a-\u0627\u0644\u0645\u0644\u0627\u0628\u0633.jpg?w=1200&amp;ssl=1 1200w, https:\/\/i0.wp.com\/www.tiyoma-trade-tourism.com\/en\/wp-content\/uploads\/2022\/08\/\u0645\u0627\u0631\u0643\u0627\u062a-\u0627\u0644\u0645\u0644\u0627\u0628\u0633.jpg?resize=300%2C200&amp;ssl=1 300w, https:\/\/i0.wp.com\/www.tiyoma-trade-tourism.com\/en\/wp-content\/uploads\/2022\/08\/\u0645\u0627\u0631\u0643\u0627\u062a-\u0627\u0644\u0645\u0644\u0627\u0628\u0633.jpg?resize=1024%2C683&amp;ssl=1 1024w, https:\/\/i0.wp.com\/www.tiyoma-trade-tourism.com\/en\/wp-content\/uploads\/2022\/08\/\u0645\u0627\u0631\u0643\u0627\u062a-\u0627\u0644\u0645\u0644\u0627\u0628\u0633.jpg?resize=768%2C512&amp;ssl=1 768w, https:\/\/i0.wp.com\/www.tiyoma-trade-tourism.com\/en\/wp-content\/uploads\/2022\/08\/\u0645\u0627\u0631\u0643\u0627\u062a-\u0627\u0644\u0645\u0644\u0627\u0628\u0633.jpg?resize=1170%2C780&amp;ssl=1 1170w, https:\/\/i0.wp.com\/www.tiyoma-trade-tourism.com\/en\/wp-content\/uploads\/2022\/08\/\u0645\u0627\u0631\u0643\u0627\u062a-\u0627\u0644\u0645\u0644\u0627\u0628\u0633.jpg?resize=585%2C390&amp;ssl=1 585w, https:\/\/i0.wp.com\/www.tiyoma-trade-tourism.com\/en\/wp-content\/uploads\/2022\/08\/\u0645\u0627\u0631\u0643\u0627\u062a-\u0627\u0644\u0645\u0644\u0627\u0628\u0633.jpg?resize=263%2C175&amp;ssl=1 263w\" sizes=\"(max-width: 1024px) 100vw, 1024px\" \/>\t\t\t\t\t\t\t\t\t\t\t\t\t<\/div>\n\t\t\t\t<\/div>\n\t\t\t\t\t<\/div>\n\t\t<\/div>\n\t\t\t\t\t<\/div>\n\t\t<\/section>\n\t\t\t\t<\/div>\n\t\t","protected":false},"excerpt":{"rendered":"<p>\u062a\u064a\u0648\u0645\u0627 \u0644\u0644\u062a\u062c\u0627\u0631\u0629 \u062a\u0648\u0641\u0631 \u0644\u0643\u0645 \u0639\u0646\u0627\u0621 \u0627\u0644\u0628\u062d\u062b \u0639\u0646 \u0627\u062d\u062a\u064a\u0627\u062c\u0627\u062a\u0643\u0645 \u0645\u0646 \u0627\u0633\u062a\u064a\u0631\u0627\u062f \u0643\u0627\u0641\u0629 \u0623\u0646\u0648\u0627\u0639 \u0627\u0644\u0645\u0644\u0627\u0628\u0633 \u0644\u0643\u0627\u0641\u0629 \u0627\u0644\u0645\u0646\u0627\u0633\u0628\u0627\u062a \u0627\u0644\u0639\u0627\u0645\u0629 \u0648 \u0627\u0644\u062e\u0627\u0635\u0629 \u0643\u0645\u0627 \u062a\u0648\u0641\u0631 \u0627\u0644\u0632\u064a \u0627\u0644\u062e\u0627\u0635 \u0627\u0644\u0645\u0624\u0633\u0633\u0627\u062a \u0627\u0644\u062d\u0643\u0648\u0645\u064a\u0629 \u0648 \u0627\u0644\u062a\u0639\u0644\u064a\u0645\u064a\u0629 \u0648 \u062a\u0642\u062f\u0645 \u0643\u0627\u0641\u0629 \u0627\u0644\u062f\u0639\u0645&hellip;<\/p>\n","protected":false},"author":1,"featured_media":0,"parent":0,"menu_order":0,"comment_status":"closed","ping_status":"closed","template":"","meta":[],"jetpack-related-posts":[{"id":329,"url":"https:\/\/www.tiyoma-trade-tourism.com\/en\/furniture\/","url_meta":{"origin":325,"position":0},"title":"Furniture","author":"admin","date":"August 20, 2022","format":false,"excerpt":"\u062a\u064a\u0648\u0645\u0627 \u0644\u0644\u062a\u062c\u0627\u0631\u0629 \u062a\u0648\u0641\u0631 \u0644\u0643\u0645 \u0639\u0646\u0627\u0621 \u0627\u0644\u0628\u062d\u062b \u0639\u0646 \u0627\u062d\u062a\u064a\u0627\u062c\u0627\u062a\u0643\u0645 \u0645\u0646 \u0627\u0633\u062a\u064a\u0631\u0627\u062f \u0643\u0627\u0641\u0629 \u0623\u0646\u0648\u0627\u0639 \u0627\u0644\u0627\u062b\u0627\u062b \u0627\u0644\u0645\u0646\u0632\u0644\u064a \u0648 \u0627\u0644\u0645\u0643\u062a\u0628\u064a \u0648 \u062a\u0642\u062f\u0645 \u0643\u0627\u0641\u0629 \u0627\u0644\u062f\u0639\u0645 \u0627\u0644\u0641\u0646\u064a \u0648\u0627\u0644\u0644\u0648\u062c\u064a\u0633\u062a\u064a \u0627\u0644\u0627\u062b\u0627\u062b \u0627\u0644\u0645\u0643\u062a\u0628\u064a","rel":"","context":"Similar post","block_context":{"text":"Similar post","link":""},"img":{"alt_text":"","src":"","width":0,"height":0},"classes":[]},{"id":331,"url":"https:\/\/www.tiyoma-trade-tourism.com\/en\/building-and-decoration-materials\/","url_meta":{"origin":325,"position":1},"title":"Building and decoration materials","author":"admin","date":"August 20, 2022","format":false,"excerpt":"\u062a\u064a\u0648\u0645\u0627 \u0644\u0644\u062a\u062c\u0627\u0631\u0629 \u062a\u0648\u0641\u0631 \u0644\u0643\u0645 \u0639\u0646\u0627\u0621 \u0627\u0644\u0628\u062d\u062b \u0639\u0646 \u0627\u062d\u062a\u064a\u0627\u062c\u0627\u062a\u0643\u0645 \u0645\u0646 \u0627\u0633\u062a\u064a\u0631\u0627\u062f \u0643\u0627\u0641\u0629 \u0623\u0646\u0648\u0627\u0639 \u0645\u0648\u0627\u062f \u0627\u0644\u0628\u0646\u0627\u0621 \u0648 \u0627\u0644\u062f\u064a\u0643\u0648\u0631 \u0648 \u062a\u0642\u062f\u0645 \u0643\u0627\u0641\u0629 \u0627\u0644\u062f\u0639\u0645 \u0627\u0644\u0641\u0646\u064a \u0648\u0627\u0644\u0644\u0648\u062c\u064a\u0633\u062a\u064a","rel":"","context":"Similar post","block_context":{"text":"Similar post","link":""},"img":{"alt_text":"","src":"https:\/\/i0.wp.com\/www.tiyoma-trade-tourism.com\/wp-content\/uploads\/2022\/08\/\u00d8\u00aa\u00d8\u00ac\u00d8\u00b1\u00d8\u00a8\u00d8\u00aa\u00d9\u0160-\u00d9\u0081\u00d9\u0160-\u00d8\u00b4\u00d8\u00b1\u00d8\u00a7\u00d8\u00a1-\u00d9\u2026\u00d9\u02c6\u00d8\u00a7\u00d8\u00af-\u00d8\u00a7\u00d9\u201e\u00d8\u00a8\u00d9\u2020\u00d8\u00a7\u00d8\u00a1-\u00d9\u2026\u00d9\u2020-\u00d8\u00a7\u00d9\u201e\u00d8\u00b5\u00d9\u0160\u00d9\u2020.png?resize=350%2C200&ssl=1","width":350,"height":200,"srcset":"https:\/\/i0.wp.com\/www.tiyoma-trade-tourism.com\/wp-content\/uploads\/2022\/08\/\u00d8\u00aa\u00d8\u00ac\u00d8\u00b1\u00d8\u00a8\u00d8\u00aa\u00d9\u0160-\u00d9\u0081\u00d9\u0160-\u00d8\u00b4\u00d8\u00b1\u00d8\u00a7\u00d8\u00a1-\u00d9\u2026\u00d9\u02c6\u00d8\u00a7\u00d8\u00af-\u00d8\u00a7\u00d9\u201e\u00d8\u00a8\u00d9\u2020\u00d8\u00a7\u00d8\u00a1-\u00d9\u2026\u00d9\u2020-\u00d8\u00a7\u00d9\u201e\u00d8\u00b5\u00d9\u0160\u00d9\u2020.png?resize=350%2C200&ssl=1 1x, https:\/\/i0.wp.com\/www.tiyoma-trade-tourism.com\/wp-content\/uploads\/2022\/08\/\u00d8\u00aa\u00d8\u00ac\u00d8\u00b1\u00d8\u00a8\u00d8\u00aa\u00d9\u0160-\u00d9\u0081\u00d9\u0160-\u00d8\u00b4\u00d8\u00b1\u00d8\u00a7\u00d8\u00a1-\u00d9\u2026\u00d9\u02c6\u00d8\u00a7\u00d8\u00af-\u00d8\u00a7\u00d9\u201e\u00d8\u00a8\u00d9\u2020\u00d8\u00a7\u00d8\u00a1-\u00d9\u2026\u00d9\u2020-\u00d8\u00a7\u00d9\u201e\u00d8\u00b5\u00d9\u0160\u00d9\u2020.png?resize=525%2C300&ssl=1 1.5x, https:\/\/i0.wp.com\/www.tiyoma-trade-tourism.com\/wp-content\/uploads\/2022\/08\/\u00d8\u00aa\u00d8\u00ac\u00d8\u00b1\u00d8\u00a8\u00d8\u00aa\u00d9\u0160-\u00d9\u0081\u00d9\u0160-\u00d8\u00b4\u00d8\u00b1\u00d8\u00a7\u00d8\u00a1-\u00d9\u2026\u00d9\u02c6\u00d8\u00a7\u00d8\u00af-\u00d8\u00a7\u00d9\u201e\u00d8\u00a8\u00d9\u2020\u00d8\u00a7\u00d8\u00a1-\u00d9\u2026\u00d9\u2020-\u00d8\u00a7\u00d9\u201e\u00d8\u00b5\u00d9\u0160\u00d9\u2020.png?resize=700%2C400&ssl=1 2x"},"classes":[]},{"id":327,"url":"https:\/\/www.tiyoma-trade-tourism.com\/en\/electrical-tools\/","url_meta":{"origin":325,"position":2},"title":"electrical tools","author":"admin","date":"August 20, 2022","format":false,"excerpt":"\u062a\u064a\u0648\u0645\u0627 \u0644\u0644\u062a\u062c\u0627\u0631\u0629 \u062a\u0648\u0641\u0631 \u0644\u0643\u0645 \u0639\u0646\u0627\u0621 \u0627\u0644\u0628\u062d\u062b \u0639\u0646 \u0627\u062d\u062a\u064a\u0627\u062c\u0627\u062a\u0643\u0645\u0645\u0646 \u0627\u0633\u062a\u064a\u0631\u0627\u062f \u0643\u0627\u0641\u0629 \u0623\u0646\u0648\u0627\u0639 \u0627\u0644\u0627\u062f\u0648\u0627\u062a \u0627\u0644\u0643\u0647\u0631\u0628\u0627\u0626\u064a\u0629 \u0645\u0646 \u0627\u0633\u0644\u0627\u0643 \u0648 \u0643\u064a\u0628\u0644\u0627\u062a \u0627\u0644\u062a\u0648\u0635\u064a\u0644 \u0627\u0644\u0645\u062e\u062a\u0644\u0641\u0629\u0648 \u0623\u062f\u0648\u0627\u062a \u0627\u0644\u0627\u0646\u0627\u0631\u0629 \u0648 \u0645\u0641\u0627\u062a\u064a\u062d \u0627\u0644\u062a\u062d\u0643\u0645 \u0648\u0643\u0644 \u0645\u0627 \u064a\u062a\u0639\u0644\u0642 \u0628\u0627\u0644\u0627\u062c\u0647\u0632\u0629 \u0627\u0644\u0643\u0647\u0631\u0628\u0627\u0626\u064a\u0629 \u0627\u0644\u0645\u0646\u0632\u0644\u064a\u0629\u0648 \u062a\u0642\u062f\u0645 \u0643\u0627\u0641\u0629 \u0627\u0644\u062f\u0639\u0645 \u0627\u0644\u0641\u0646\u064a \u0648\u0627\u0644\u0644\u0648\u062c\u064a\u0633\u062a\u064a","rel":"","context":"Similar post","block_context":{"text":"Similar post","link":""},"img":{"alt_text":"","src":"https:\/\/i0.wp.com\/www.tiyoma-trade-tourism.com\/wp-content\/uploads\/2022\/08\/\u00d8\u00a7\u00d9\u201e\u00d8\u00a3\u00d8\u00ac\u00d9\u2021\u00d8\u00b2\u00d8\u00a9-\u00d8\u00a7\u00d9\u201e\u00d9\u0192\u00d9\u2021\u00d8\u00b1\u00d8\u00a8\u00d8\u00a7\u00d8\u00a6\u00d9\u0160\u00d8\u00a9-1280x720-1-1024x576.jpg?resize=350%2C200&ssl=1","width":350,"height":200,"srcset":"https:\/\/i0.wp.com\/www.tiyoma-trade-tourism.com\/wp-content\/uploads\/2022\/08\/\u00d8\u00a7\u00d9\u201e\u00d8\u00a3\u00d8\u00ac\u00d9\u2021\u00d8\u00b2\u00d8\u00a9-\u00d8\u00a7\u00d9\u201e\u00d9\u0192\u00d9\u2021\u00d8\u00b1\u00d8\u00a8\u00d8\u00a7\u00d8\u00a6\u00d9\u0160\u00d8\u00a9-1280x720-1-1024x576.jpg?resize=350%2C200&ssl=1 1x, https:\/\/i0.wp.com\/www.tiyoma-trade-tourism.com\/wp-content\/uploads\/2022\/08\/\u00d8\u00a7\u00d9\u201e\u00d8\u00a3\u00d8\u00ac\u00d9\u2021\u00d8\u00b2\u00d8\u00a9-\u00d8\u00a7\u00d9\u201e\u00d9\u0192\u00d9\u2021\u00d8\u00b1\u00d8\u00a8\u00d8\u00a7\u00d8\u00a6\u00d9\u0160\u00d8\u00a9-1280x720-1-1024x576.jpg?resize=525%2C300&ssl=1 1.5x, https:\/\/i0.wp.com\/www.tiyoma-trade-tourism.com\/wp-content\/uploads\/2022\/08\/\u00d8\u00a7\u00d9\u201e\u00d8\u00a3\u00d8\u00ac\u00d9\u2021\u00d8\u00b2\u00d8\u00a9-\u00d8\u00a7\u00d9\u201e\u00d9\u0192\u00d9\u2021\u00d8\u00b1\u00d8\u00a8\u00d8\u00a7\u00d8\u00a6\u00d9\u0160\u00d8\u00a9-1280x720-1-1024x576.jpg?resize=700%2C400&ssl=1 2x"},"classes":[]},{"id":323,"url":"https:\/\/www.tiyoma-trade-tourism.com\/en\/food\/","url_meta":{"origin":325,"position":3},"title":"Food","author":"admin","date":"August 20, 2022","format":false,"excerpt":"\u062a\u064a\u0648\u0645\u0627 \u0644\u0644\u062a\u062c\u0627\u0631\u0629 \u062a\u0648\u0641\u0631 \u0644\u0643\u0645 \u0639\u0646\u0627\u0621 \u0627\u0644\u0628\u062d\u062b \u0639\u0646 \u0627\u062d\u062a\u064a\u0627\u062c\u0627\u062a\u0643\u0645 \u0645\u0646 \u0627\u0633\u062a\u064a\u0631\u0627\u062f \u0643\u0627\u0641\u0629 \u0623\u0646\u0648\u0627\u0639 \u0627\u0644\u0645\u0648\u0627\u062f \u0627\u0644\u063a\u0630\u0627\u0626\u064a\u0629 \u0648 \u062a\u0642\u062f\u0645 \u0643\u0627\u0641\u0629 \u0627\u0644\u062f\u0639\u0645 \u0627\u0644\u0641\u0646\u064a \u0648\u0627\u0644\u0644\u0648\u062c\u064a\u0633\u062a\u064a","rel":"","context":"Similar post","block_context":{"text":"Similar post","link":""},"img":{"alt_text":"","src":"https:\/\/i0.wp.com\/www.tiyoma-trade-tourism.com\/wp-content\/uploads\/2022\/08\/55416bddcb633ce59061f3e456e6ad39.jpg?resize=350%2C200&ssl=1","width":350,"height":200,"srcset":"https:\/\/i0.wp.com\/www.tiyoma-trade-tourism.com\/wp-content\/uploads\/2022\/08\/55416bddcb633ce59061f3e456e6ad39.jpg?resize=350%2C200&ssl=1 1x, https:\/\/i0.wp.com\/www.tiyoma-trade-tourism.com\/wp-content\/uploads\/2022\/08\/55416bddcb633ce59061f3e456e6ad39.jpg?resize=525%2C300&ssl=1 1.5x, https:\/\/i0.wp.com\/www.tiyoma-trade-tourism.com\/wp-content\/uploads\/2022\/08\/55416bddcb633ce59061f3e456e6ad39.jpg?resize=700%2C400&ssl=1 2x"},"classes":[]},{"id":788,"url":"https:\/\/www.tiyoma-trade-tourism.com\/en\/agricultural-materials-and-equipment\/","url_meta":{"origin":325,"position":4},"title":"agricultural materials and equipment","author":"admin","date":"August 25, 2022","format":false,"excerpt":"\u062a\u064a\u0648\u0645\u0627 \u0644\u0644\u062a\u062c\u0627\u0631\u0629 \u062a\u0648\u0641\u0631 \u0644\u0643\u0645 \u0639\u0646\u0627\u0621 \u0627\u0644\u0628\u062d\u062b \u0639\u0646 \u0627\u062d\u062a\u064a\u0627\u062c\u0627\u062a\u0643\u0645\u0645\u0646 \u0645\u0648\u0627\u062f \u0648 \u0645\u0639\u062f\u0627\u062a \u0648 \u0622\u0644\u0627\u062a \u0632\u0631\u0627\u0639\u064a\u0629\u0648 \u062a\u0642\u062f\u0645 \u0643\u0627\u0641\u0629 \u0627\u0644\u062f\u0639\u0645 \u0627\u0644\u0641\u0646\u064a \u0648\u0627\u0644\u0644\u0648\u062c\u064a\u0633\u062a\u064a","rel":"","context":"Similar post","block_context":{"text":"Similar post","link":""},"img":{"alt_text":"","src":"https:\/\/i0.wp.com\/www.tiyoma-trade-tourism.com\/wp-content\/uploads\/2022\/08\/\u00d9\u2026\u00d8\u00b9\u00d8\u00af\u00d8\u00a7\u00d8\u00aa-\u00d8\u00b2\u00d8\u00b1\u00d8\u00a7\u00d8\u00b9\u00d9\u0160\u00d8\u00a9-\u00d8\u00aa\u00d8\u00b1\u00d9\u0192\u00d9\u0160\u00d8\u00a9-1024x672.jpg?resize=350%2C200&ssl=1","width":350,"height":200,"srcset":"https:\/\/i0.wp.com\/www.tiyoma-trade-tourism.com\/wp-content\/uploads\/2022\/08\/\u00d9\u2026\u00d8\u00b9\u00d8\u00af\u00d8\u00a7\u00d8\u00aa-\u00d8\u00b2\u00d8\u00b1\u00d8\u00a7\u00d8\u00b9\u00d9\u0160\u00d8\u00a9-\u00d8\u00aa\u00d8\u00b1\u00d9\u0192\u00d9\u0160\u00d8\u00a9-1024x672.jpg?resize=350%2C200&ssl=1 1x, https:\/\/i0.wp.com\/www.tiyoma-trade-tourism.com\/wp-content\/uploads\/2022\/08\/\u00d9\u2026\u00d8\u00b9\u00d8\u00af\u00d8\u00a7\u00d8\u00aa-\u00d8\u00b2\u00d8\u00b1\u00d8\u00a7\u00d8\u00b9\u00d9\u0160\u00d8\u00a9-\u00d8\u00aa\u00d8\u00b1\u00d9\u0192\u00d9\u0160\u00d8\u00a9-1024x672.jpg?resize=525%2C300&ssl=1 1.5x, https:\/\/i0.wp.com\/www.tiyoma-trade-tourism.com\/wp-content\/uploads\/2022\/08\/\u00d9\u2026\u00d8\u00b9\u00d8\u00af\u00d8\u00a7\u00d8\u00aa-\u00d8\u00b2\u00d8\u00b1\u00d8\u00a7\u00d8\u00b9\u00d9\u0160\u00d8\u00a9-\u00d8\u00aa\u00d8\u00b1\u00d9\u0192\u00d9\u0160\u00d8\u00a9-1024x672.jpg?resize=700%2C400&ssl=1 2x"},"classes":[]},{"id":806,"url":"https:\/\/www.tiyoma-trade-tourism.com\/en\/poultry\/","url_meta":{"origin":325,"position":5},"title":"poultry","author":"admin","date":"August 25, 2022","format":false,"excerpt":"\u062a\u064a\u0648\u0645\u0627 \u0644\u0644\u062a\u062c\u0627\u0631\u0629 \u062a\u0648\u0641\u0631 \u0644\u0643\u0645 \u0639\u0646\u0627\u0621 \u0627\u0644\u0628\u062d\u062b \u0639\u0646 \u0627\u062d\u062a\u064a\u0627\u062c\u0627\u062a\u0643\u0645\u0645\u0646 \u0627\u0633\u062a\u064a\u0631\u0627\u062f \u0643\u0627\u0641\u0629 \u0623\u0646\u0648\u0627\u0639 \u0627\u0644\u062f\u0648\u0627\u062c\u0646\u0648 \u062a\u0642\u062f\u0645 \u0643\u0627\u0641\u0629 \u0627\u0644\u062f\u0639\u0645 \u0627\u0644\u0641\u0646\u064a \u0648\u0627\u0644\u0644\u0648\u062c\u064a\u0633\u062a\u064a","rel":"","context":"Similar post","block_context":{"text":"Similar post","link":""},"img":{"alt_text":"","src":"https:\/\/i0.wp.com\/www.tiyoma-trade-tourism.com\/wp-content\/uploads\/2022\/08\/\u00d9\u2026\u00d8\u00b4\u00d8\u00b1\u00d9\u02c6\u00d8\u00b9-\u00d8\u00aa\u00d8\u00b1\u00d8\u00a8\u00d9\u0160\u00d8\u00a9-\u00d8\u00a7\u00d9\u201e\u00d8\u00af\u00d9\u02c6\u00d8\u00a7\u00d8\u00ac\u00d9\u2020-\u00d9\u0081\u00d9\u0160-\u00d8\u00aa\u00d8\u00b1\u00d9\u0192\u00d9\u0160\u00d8\u00a7-1024x732-1.jpg?resize=350%2C200&ssl=1","width":350,"height":200,"srcset":"https:\/\/i0.wp.com\/www.tiyoma-trade-tourism.com\/wp-content\/uploads\/2022\/08\/\u00d9\u2026\u00d8\u00b4\u00d8\u00b1\u00d9\u02c6\u00d8\u00b9-\u00d8\u00aa\u00d8\u00b1\u00d8\u00a8\u00d9\u0160\u00d8\u00a9-\u00d8\u00a7\u00d9\u201e\u00d8\u00af\u00d9\u02c6\u00d8\u00a7\u00d8\u00ac\u00d9\u2020-\u00d9\u0081\u00d9\u0160-\u00d8\u00aa\u00d8\u00b1\u00d9\u0192\u00d9\u0160\u00d8\u00a7-1024x732-1.jpg?resize=350%2C200&ssl=1 1x, https:\/\/i0.wp.com\/www.tiyoma-trade-tourism.com\/wp-content\/uploads\/2022\/08\/\u00d9\u2026\u00d8\u00b4\u00d8\u00b1\u00d9\u02c6\u00d8\u00b9-\u00d8\u00aa\u00d8\u00b1\u00d8\u00a8\u00d9\u0160\u00d8\u00a9-\u00d8\u00a7\u00d9\u201e\u00d8\u00af\u00d9\u02c6\u00d8\u00a7\u00d8\u00ac\u00d9\u2020-\u00d9\u0081\u00d9\u0160-\u00d8\u00aa\u00d8\u00b1\u00d9\u0192\u00d9\u0160\u00d8\u00a7-1024x732-1.jpg?resize=525%2C300&ssl=1 1.5x, https:\/\/i0.wp.com\/www.tiyoma-trade-tourism.com\/wp-content\/uploads\/2022\/08\/\u00d9\u2026\u00d8\u00b4\u00d8\u00b1\u00d9\u02c6\u00d8\u00b9-\u00d8\u00aa\u00d8\u00b1\u00d8\u00a8\u00d9\u0160\u00d8\u00a9-\u00d8\u00a7\u00d9\u201e\u00d8\u00af\u00d9\u02c6\u00d8\u00a7\u00d8\u00ac\u00d9\u2020-\u00d9\u0081\u00d9\u0160-\u00d8\u00aa\u00d8\u00b1\u00d9\u0192\u00d9\u0160\u00d8\u00a7-1024x732-1.jpg?resize=700%2C400&ssl=1 2x"},"classes":[]}],"_links":{"self":[{"href":"https:\/\/www.tiyoma-trade-tourism.com\/en\/wp-json\/wp\/v2\/pages\/325"}],"collection":[{"href":"https:\/\/www.tiyoma-trade-tourism.com\/en\/wp-json\/wp\/v2\/pages"}],"about":[{"href":"https:\/\/www.tiyoma-trade-tourism.com\/en\/wp-json\/wp\/v2\/types\/page"}],"author":[{"embeddable":true,"href":"https:\/\/www.tiyoma-trade-tourism.com\/en\/wp-json\/wp\/v2\/users\/1"}],"replies":[{"embeddable":true,"href":"https:\/\/www.tiyoma-trade-tourism.com\/en\/wp-json\/wp\/v2\/comments?post=325"}],"version-history":[{"count":5,"href":"https:\/\/www.tiyoma-trade-tourism.com\/en\/wp-json\/wp\/v2\/pages\/325\/revisions"}],"predecessor-version":[{"id":1256,"href":"https:\/\/www.tiyoma-trade-tourism.com\/en\/wp-json\/wp\/v2\/pages\/325\/revisions\/1256"}],"wp:attachment":[{"href":"https:\/\/www.tiyoma-trade-tourism.com\/en\/wp-json\/wp\/v2\/media?parent=325"}],"curies":[{"name":"wp","href":"https:\/\/api.w.org\/{rel}","templated":true}]}}