{"id":321,"date":"2022-08-20T13:27:35","date_gmt":"2022-08-20T13:27:35","guid":{"rendered":"https:\/\/www.tiyoma-trade-tourism.com\/?page_id=321"},"modified":"2022-09-03T20:00:39","modified_gmt":"2022-09-03T20:00:39","slug":"import-and-export","status":"publish","type":"page","link":"https:\/\/www.tiyoma-trade-tourism.com\/en\/import-and-export\/","title":{"rendered":"Import and Export"},"content":{"rendered":"\t\t<div data-elementor-type=\"wp-page\" data-elementor-id=\"321\" class=\"elementor elementor-321\">\n\t\t\t\t\t\t<section class=\"penci-section penci-disSticky penci-structure-20 elementor-section elementor-top-section elementor-element elementor-element-0b02a41 elementor-section-boxed elementor-section-height-default elementor-section-height-default\" data-id=\"0b02a41\" data-element_type=\"section\">\n\t\t\t\t\t\t<div class=\"elementor-container elementor-column-gap-default\">\n\t\t\t\t\t<div class=\"penci-ercol-50 penci-ercol-order-1 penci-sticky-ct    elementor-column elementor-col-50 elementor-top-column elementor-element elementor-element-10b1bc9\" data-id=\"10b1bc9\" data-element_type=\"column\">\n\t\t\t<div class=\"elementor-widget-wrap elementor-element-populated\">\n\t\t\t\t\t\t<div class=\"elementor-element elementor-element-bb7a62a elementor-widget elementor-widget-penci-fancy_heading\" data-id=\"bb7a62a\" data-element_type=\"widget\" data-widget_type=\"penci-fancy_heading.default\">\n\t\t\t\t<div class=\"elementor-widget-container\">\n\t\t\t\t\t<div class=\"penci-fancy-heading penci-heading-text-right\">\r\n\t\t\t<div class=\"penci-fancy-heading-inner\">\r\n\t\t\t\t<div class=\"penci-heading-content entry-content\"><p>One of the most important activities that witnessed the turnout of many traders and investors, and to obtain the largest amount of information related to Turkey\u2019s companies and factories in terms of their names and how to communicate with them and their products in the markets, we help you by providing Turkey\u2019s commercial guide that contains all the instructions, as well as the prices of competitive companies in the markets, And offers of discounts on the purchase of large quantities of goods of the same quality in the local market ... Teoma is distinguished from its counterparts in ensuring and conforming to the quality of the product according to the certificate issued by the factory and then sending it to the customer<\/p>\n<\/div>\t\t\t<\/div>\r\n\t\t<\/div>\r\n\t\t\t\t<\/div>\n\t\t\t\t<\/div>\n\t\t\t\t\t<\/div>\n\t\t<\/div>\n\t\t\t\t<div class=\"penci-ercol-50 penci-ercol-order-2 penci-sticky-ct    elementor-column elementor-col-50 elementor-top-column elementor-element elementor-element-983add9\" data-id=\"983add9\" data-element_type=\"column\">\n\t\t\t<div class=\"elementor-widget-wrap elementor-element-populated\">\n\t\t\t\t\t\t<div class=\"elementor-element elementor-element-cededa3 elementor-widget elementor-widget-image\" data-id=\"cededa3\" data-element_type=\"widget\" data-widget_type=\"image.default\">\n\t\t\t\t<div class=\"elementor-widget-container\">\n\t\t\t<style>\/*! elementor - v3.23.0 - 05-08-2024 *\/\n.elementor-widget-image{text-align:center}.elementor-widget-image a{display:inline-block}.elementor-widget-image a img[src$=\".svg\"]{width:48px}.elementor-widget-image img{vertical-align:middle;display:inline-block}<\/style>\t\t\t\t\t\t\t\t\t\t<img fetchpriority=\"high\" decoding=\"async\" width=\"1024\" height=\"576\" src=\"https:\/\/i0.wp.com\/www.tiyoma-trade-tourism.com\/en\/wp-content\/uploads\/2022\/08\/69969ea94c3062473820ae6ed4fd8161JFd_6533eG.jpg?fit=1024%2C576&amp;ssl=1\" class=\"attachment-large size-large wp-image-686\" alt=\"\" srcset=\"https:\/\/i0.wp.com\/www.tiyoma-trade-tourism.com\/en\/wp-content\/uploads\/2022\/08\/69969ea94c3062473820ae6ed4fd8161JFd_6533eG.jpg?w=1200&amp;ssl=1 1200w, https:\/\/i0.wp.com\/www.tiyoma-trade-tourism.com\/en\/wp-content\/uploads\/2022\/08\/69969ea94c3062473820ae6ed4fd8161JFd_6533eG.jpg?resize=300%2C169&amp;ssl=1 300w, https:\/\/i0.wp.com\/www.tiyoma-trade-tourism.com\/en\/wp-content\/uploads\/2022\/08\/69969ea94c3062473820ae6ed4fd8161JFd_6533eG.jpg?resize=1024%2C576&amp;ssl=1 1024w, https:\/\/i0.wp.com\/www.tiyoma-trade-tourism.com\/en\/wp-content\/uploads\/2022\/08\/69969ea94c3062473820ae6ed4fd8161JFd_6533eG.jpg?resize=768%2C432&amp;ssl=1 768w, https:\/\/i0.wp.com\/www.tiyoma-trade-tourism.com\/en\/wp-content\/uploads\/2022\/08\/69969ea94c3062473820ae6ed4fd8161JFd_6533eG.jpg?resize=1170%2C658&amp;ssl=1 1170w, https:\/\/i0.wp.com\/www.tiyoma-trade-tourism.com\/en\/wp-content\/uploads\/2022\/08\/69969ea94c3062473820ae6ed4fd8161JFd_6533eG.jpg?resize=585%2C329&amp;ssl=1 585w\" sizes=\"(max-width: 1024px) 100vw, 1024px\" \/>\t\t\t\t\t\t\t\t\t\t\t\t\t<\/div>\n\t\t\t\t<\/div>\n\t\t\t\t\t<\/div>\n\t\t<\/div>\n\t\t\t\t\t<\/div>\n\t\t<\/section>\n\t\t\t\t<\/div>\n\t\t","protected":false},"excerpt":{"rendered":"<p>One of the most important activities that witnessed the turnout of many traders and investors, and to obtain the largest amount of information related to Turkey\u2019s companies and factories in&hellip;<\/p>\n","protected":false},"author":1,"featured_media":0,"parent":0,"menu_order":0,"comment_status":"closed","ping_status":"closed","template":"","meta":[],"jetpack-related-posts":[{"id":304,"url":"https:\/\/www.tiyoma-trade-tourism.com\/en\/","url_meta":{"origin":321,"position":0},"title":"Soledad_Home","author":"admin","date":"October 18, 2019","format":false,"excerpt":"tiyoma for trade and tourismThe company provides commercial services. Tourist. therapeutic. Real estate and all student services in Turkeytiyoma for trade and tourismThe company provides commercial services. Tourist. therapeutic. Real estate and all student services in Turkey Booking of hotels tiyoma travels with you all over the world and provides\u2026","rel":"","context":"Similar post","block_context":{"text":"Similar post","link":""},"img":{"alt_text":"","src":"https:\/\/i0.wp.com\/www.tiyoma-trade-tourism.com\/en\/wp-content\/uploads\/2022\/08\/11b69bb5-f46a-45a2-9e07-73520e0bc776.jpg?resize=350%2C200&ssl=1","width":350,"height":200,"srcset":"https:\/\/i0.wp.com\/www.tiyoma-trade-tourism.com\/en\/wp-content\/uploads\/2022\/08\/11b69bb5-f46a-45a2-9e07-73520e0bc776.jpg?resize=350%2C200&ssl=1 1x, https:\/\/i0.wp.com\/www.tiyoma-trade-tourism.com\/en\/wp-content\/uploads\/2022\/08\/11b69bb5-f46a-45a2-9e07-73520e0bc776.jpg?resize=525%2C300&ssl=1 1.5x"},"classes":[]},{"id":317,"url":"https:\/\/www.tiyoma-trade-tourism.com\/en\/student-services\/","url_meta":{"origin":321,"position":1},"title":"student services","author":"admin","date":"August 20, 2022","format":false,"excerpt":"Turkish language courses TomerThe office extracts an acceptance from the accredited centers to study the time and prepares all documents that facilitate obtaining a visa from the Turkish embassyTurkish primary, intermediate and secondary schoolsImam al-Khatib:It is a system of schools that follow the Islamic approach, through the study of Islamic\u2026","rel":"","context":"Similar post","block_context":{"text":"Similar post","link":""},"img":{"alt_text":"","src":"https:\/\/i0.wp.com\/www.tiyoma-trade-tourism.com\/en\/wp-content\/uploads\/2022\/08\/\u00d8\u00ac\u00d8\u00a7\u00d9\u2026\u00d8\u00b9\u00d8\u00a9-\u00d8\u00a7\u00d8\u00b3\u00d8\u00b7\u00d9\u2020\u00d8\u00a8\u00d9\u02c6\u00d9\u201e-\u00d9\u00a1-1.jpg?resize=350%2C200&ssl=1","width":350,"height":200,"srcset":"https:\/\/i0.wp.com\/www.tiyoma-trade-tourism.com\/en\/wp-content\/uploads\/2022\/08\/\u00d8\u00ac\u00d8\u00a7\u00d9\u2026\u00d8\u00b9\u00d8\u00a9-\u00d8\u00a7\u00d8\u00b3\u00d8\u00b7\u00d9\u2020\u00d8\u00a8\u00d9\u02c6\u00d9\u201e-\u00d9\u00a1-1.jpg?resize=350%2C200&ssl=1 1x, https:\/\/i0.wp.com\/www.tiyoma-trade-tourism.com\/en\/wp-content\/uploads\/2022\/08\/\u00d8\u00ac\u00d8\u00a7\u00d9\u2026\u00d8\u00b9\u00d8\u00a9-\u00d8\u00a7\u00d8\u00b3\u00d8\u00b7\u00d9\u2020\u00d8\u00a8\u00d9\u02c6\u00d9\u201e-\u00d9\u00a1-1.jpg?resize=525%2C300&ssl=1 1.5x"},"classes":[]},{"id":312,"url":"https:\/\/www.tiyoma-trade-tourism.com\/en\/tourism\/","url_meta":{"origin":321,"position":2},"title":"tourism","author":"admin","date":"August 20, 2022","format":false,"excerpt":"travel and tourismTravel has great and multiple benefits that are reflected on human life, and below we will review some of these benefits:Changing the outlook on life:The experience of coexisting with new cultures and witnessing the different layers of society will change the way one looks at the life that\u2026","rel":"","context":"Similar post","block_context":{"text":"Similar post","link":""},"img":{"alt_text":"","src":"https:\/\/i0.wp.com\/www.tiyoma-trade-tourism.com\/en\/wp-content\/uploads\/2022\/08\/ece02f59e368cc06b17738a46fc1a9a4.jpg?resize=350%2C200&ssl=1","width":350,"height":200,"srcset":"https:\/\/i0.wp.com\/www.tiyoma-trade-tourism.com\/en\/wp-content\/uploads\/2022\/08\/ece02f59e368cc06b17738a46fc1a9a4.jpg?resize=350%2C200&ssl=1 1x, https:\/\/i0.wp.com\/www.tiyoma-trade-tourism.com\/en\/wp-content\/uploads\/2022\/08\/ece02f59e368cc06b17738a46fc1a9a4.jpg?resize=525%2C300&ssl=1 1.5x, https:\/\/i0.wp.com\/www.tiyoma-trade-tourism.com\/en\/wp-content\/uploads\/2022\/08\/ece02f59e368cc06b17738a46fc1a9a4.jpg?resize=700%2C400&ssl=1 2x"},"classes":[]},{"id":10,"url":"https:\/\/www.tiyoma-trade-tourism.com\/en\/about-us\/","url_meta":{"origin":321,"position":3},"title":"About Us","author":"admin","date":"October 18, 2019","format":false,"excerpt":"about us about usTiyoma Group provides all kinds of services in various fields including real estate, commercial, hotel, marketing, tourism and university studies. We target businessmen, investors and researchers. Our goal It is to provide all means of assistance and provide ideas, studies and marketing methods for the project, starting\u2026","rel":"","context":"Similar post","block_context":{"text":"Similar post","link":""},"img":{"alt_text":"","src":"https:\/\/i0.wp.com\/www.tiyoma-trade-tourism.com\/en\/wp-content\/uploads\/2019\/10\/20-1024x683.jpg?resize=350%2C200&ssl=1","width":350,"height":200,"srcset":"https:\/\/i0.wp.com\/www.tiyoma-trade-tourism.com\/en\/wp-content\/uploads\/2019\/10\/20-1024x683.jpg?resize=350%2C200&ssl=1 1x, https:\/\/i0.wp.com\/www.tiyoma-trade-tourism.com\/en\/wp-content\/uploads\/2019\/10\/20-1024x683.jpg?resize=525%2C300&ssl=1 1.5x, https:\/\/i0.wp.com\/www.tiyoma-trade-tourism.com\/en\/wp-content\/uploads\/2019\/10\/20-1024x683.jpg?resize=700%2C400&ssl=1 2x"},"classes":[]},{"id":319,"url":"https:\/\/www.tiyoma-trade-tourism.com\/en\/real-estate-and-real-estate-residency\/","url_meta":{"origin":321,"position":4},"title":"Real estate and real estate residency","author":"admin","date":"August 20, 2022","format":false,"excerpt":"Real Estate ServicesAnkara\u2026 is considered the political capital of Turkey\u2026. It is located in the center of the country in the Anatolia region\u2026 and an attractive destination for all those who are looking for calm and a beautiful and elegant life. Including Arab and African, and the city covers a\u2026","rel":"","context":"Similar post","block_context":{"text":"Similar post","link":""},"img":{"alt_text":"","src":"https:\/\/i0.wp.com\/www.tiyoma-trade-tourism.com\/en\/wp-content\/uploads\/2022\/08\/\u00d8\u00a7\u00d9\u201e\u00d8\u00ad\u00d8\u00b5\u00d9\u02c6\u00d9\u201e-\u00d8\u00b9\u00d9\u201e\u00d9\u2030-\u00d8\u00a3\u00d9\u0081\u00d8\u00b6\u00d9\u201e-\u00d8\u00a7\u00d9\u201e\u00d8\u00ae\u00d8\u00af\u00d9\u2026\u00d8\u00a7\u00d8\u00aa-\u00d8\u00a7\u00d9\u201e\u00d8\u00b9\u00d9\u201a\u00d8\u00a7\u00d8\u00b1\u00d9\u0160\u00d8\u00a9-\u00d8\u00a8\u00d8\u00a7\u00d9\u201e\u00d8\u00af\u00d9\u2026\u00d8\u00a7\u00d9\u2026.jpg?resize=350%2C200&ssl=1","width":350,"height":200,"srcset":"https:\/\/i0.wp.com\/www.tiyoma-trade-tourism.com\/en\/wp-content\/uploads\/2022\/08\/\u00d8\u00a7\u00d9\u201e\u00d8\u00ad\u00d8\u00b5\u00d9\u02c6\u00d9\u201e-\u00d8\u00b9\u00d9\u201e\u00d9\u2030-\u00d8\u00a3\u00d9\u0081\u00d8\u00b6\u00d9\u201e-\u00d8\u00a7\u00d9\u201e\u00d8\u00ae\u00d8\u00af\u00d9\u2026\u00d8\u00a7\u00d8\u00aa-\u00d8\u00a7\u00d9\u201e\u00d8\u00b9\u00d9\u201a\u00d8\u00a7\u00d8\u00b1\u00d9\u0160\u00d8\u00a9-\u00d8\u00a8\u00d8\u00a7\u00d9\u201e\u00d8\u00af\u00d9\u2026\u00d8\u00a7\u00d9\u2026.jpg?resize=350%2C200&ssl=1 1x, https:\/\/i0.wp.com\/www.tiyoma-trade-tourism.com\/en\/wp-content\/uploads\/2022\/08\/\u00d8\u00a7\u00d9\u201e\u00d8\u00ad\u00d8\u00b5\u00d9\u02c6\u00d9\u201e-\u00d8\u00b9\u00d9\u201e\u00d9\u2030-\u00d8\u00a3\u00d9\u0081\u00d8\u00b6\u00d9\u201e-\u00d8\u00a7\u00d9\u201e\u00d8\u00ae\u00d8\u00af\u00d9\u2026\u00d8\u00a7\u00d8\u00aa-\u00d8\u00a7\u00d9\u201e\u00d8\u00b9\u00d9\u201a\u00d8\u00a7\u00d8\u00b1\u00d9\u0160\u00d8\u00a9-\u00d8\u00a8\u00d8\u00a7\u00d9\u201e\u00d8\u00af\u00d9\u2026\u00d8\u00a7\u00d9\u2026.jpg?resize=525%2C300&ssl=1 1.5x, https:\/\/i0.wp.com\/www.tiyoma-trade-tourism.com\/en\/wp-content\/uploads\/2022\/08\/\u00d8\u00a7\u00d9\u201e\u00d8\u00ad\u00d8\u00b5\u00d9\u02c6\u00d9\u201e-\u00d8\u00b9\u00d9\u201e\u00d9\u2030-\u00d8\u00a3\u00d9\u0081\u00d8\u00b6\u00d9\u201e-\u00d8\u00a7\u00d9\u201e\u00d8\u00ae\u00d8\u00af\u00d9\u2026\u00d8\u00a7\u00d8\u00aa-\u00d8\u00a7\u00d9\u201e\u00d8\u00b9\u00d9\u201a\u00d8\u00a7\u00d8\u00b1\u00d9\u0160\u00d8\u00a9-\u00d8\u00a8\u00d8\u00a7\u00d9\u201e\u00d8\u00af\u00d9\u2026\u00d8\u00a7\u00d9\u2026.jpg?resize=700%2C400&ssl=1 2x"},"classes":[]},{"id":12,"url":"https:\/\/www.tiyoma-trade-tourism.com\/en\/contact-us\/","url_meta":{"origin":321,"position":5},"title":"Contact Us","author":"admin","date":"October 18, 2019","format":false,"excerpt":"call us office address Kavaklidere Bulvari no :185 kat :5 Kavaklidere Ankara 06500Ankara-Turkey E-mail info@tiyoma-trade-tourism.com tiyomafortradeandtour@gmail.com phone 00905350537173 00905451775057 00905077505763 03126665308 Send Us A Message Nemo enim ipsam voluptatem quia voluptas sit aspernatur aut odit aut fugit, sed quia consequuntur magni dolores eos qui.","rel":"","context":"Similar post","block_context":{"text":"Similar post","link":""},"img":{"alt_text":"","src":"","width":0,"height":0},"classes":[]}],"_links":{"self":[{"href":"https:\/\/www.tiyoma-trade-tourism.com\/en\/wp-json\/wp\/v2\/pages\/321"}],"collection":[{"href":"https:\/\/www.tiyoma-trade-tourism.com\/en\/wp-json\/wp\/v2\/pages"}],"about":[{"href":"https:\/\/www.tiyoma-trade-tourism.com\/en\/wp-json\/wp\/v2\/types\/page"}],"author":[{"embeddable":true,"href":"https:\/\/www.tiyoma-trade-tourism.com\/en\/wp-json\/wp\/v2\/users\/1"}],"replies":[{"embeddable":true,"href":"https:\/\/www.tiyoma-trade-tourism.com\/en\/wp-json\/wp\/v2\/comments?post=321"}],"version-history":[{"count":11,"href":"https:\/\/www.tiyoma-trade-tourism.com\/en\/wp-json\/wp\/v2\/pages\/321\/revisions"}],"predecessor-version":[{"id":1275,"href":"https:\/\/www.tiyoma-trade-tourism.com\/en\/wp-json\/wp\/v2\/pages\/321\/revisions\/1275"}],"wp:attachment":[{"href":"https:\/\/www.tiyoma-trade-tourism.com\/en\/wp-json\/wp\/v2\/media?parent=321"}],"curies":[{"name":"wp","href":"https:\/\/api.w.org\/{rel}","templated":true}]}}