{"id":312,"date":"2022-08-20T13:24:09","date_gmt":"2022-08-20T13:24:09","guid":{"rendered":"https:\/\/www.tiyoma-trade-tourism.com\/?page_id=312"},"modified":"2022-09-03T19:39:59","modified_gmt":"2022-09-03T19:39:59","slug":"tourism","status":"publish","type":"page","link":"https:\/\/www.tiyoma-trade-tourism.com\/en\/tourism\/","title":{"rendered":"tourism"},"content":{"rendered":"\t\t<div data-elementor-type=\"wp-page\" data-elementor-id=\"312\" class=\"elementor elementor-312\">\n\t\t\t\t\t\t<section class=\"penci-section penci-disSticky penci-structure-20 elementor-section elementor-top-section elementor-element elementor-element-8c4e56c elementor-section-boxed elementor-section-height-default elementor-section-height-default\" data-id=\"8c4e56c\" data-element_type=\"section\">\n\t\t\t\t\t\t<div class=\"elementor-container elementor-column-gap-default\">\n\t\t\t\t\t<div class=\"penci-ercol-50 penci-ercol-order-1 penci-sticky-ct    elementor-column elementor-col-50 elementor-top-column elementor-element elementor-element-7f17fa8\" data-id=\"7f17fa8\" data-element_type=\"column\">\n\t\t\t<div class=\"elementor-widget-wrap elementor-element-populated\">\n\t\t\t\t\t\t<div class=\"elementor-element elementor-element-0b14fc4 elementor-widget elementor-widget-text-editor\" data-id=\"0b14fc4\" data-element_type=\"widget\" data-widget_type=\"text-editor.default\">\n\t\t\t\t<div class=\"elementor-widget-container\">\n\t\t\t<style>\/*! elementor - v3.23.0 - 05-08-2024 *\/\n.elementor-widget-text-editor.elementor-drop-cap-view-stacked .elementor-drop-cap{background-color:#69727d;color:#fff}.elementor-widget-text-editor.elementor-drop-cap-view-framed .elementor-drop-cap{color:#69727d;border:3px solid;background-color:transparent}.elementor-widget-text-editor:not(.elementor-drop-cap-view-default) .elementor-drop-cap{margin-top:8px}.elementor-widget-text-editor:not(.elementor-drop-cap-view-default) .elementor-drop-cap-letter{width:1em;height:1em}.elementor-widget-text-editor .elementor-drop-cap{float:left;text-align:center;line-height:1;font-size:50px}.elementor-widget-text-editor .elementor-drop-cap-letter{display:inline-block}<\/style>\t\t\t\t<p><strong>travel and tourism<\/strong><br \/>Travel has great and multiple benefits that are reflected on human life, and below we will review some of these benefits:<br \/><strong>Changing the outlook on life:<\/strong><br \/>The experience of coexisting with new cultures and witnessing the different layers of society will change the way one looks at the life that one lives.<br \/>Travel develops the mind:<br \/>Taking a travel trip will break the routine of a person&#8217;s daily life by trying to do new things.<br \/><strong>meeting new people:<\/strong><br \/>In travel, one will have the opportunity to meet new people in his life, exchange experiences with them, and give advice on going to new places.<br \/><strong>Return to life more actively:<\/strong><br \/>After being away from normal life for some time, man must return to his life and work with much activity and productivity.<br \/>Over the course of more than a year, Turkey ranked the top five in terms of the number of tourists who floated in its various cities, especially the charming city of Istanbul.<\/p>\t\t\t\t\t\t<\/div>\n\t\t\t\t<\/div>\n\t\t\t\t\t<\/div>\n\t\t<\/div>\n\t\t\t\t<div class=\"penci-ercol-50 penci-ercol-order-2 penci-sticky-ct    elementor-column elementor-col-50 elementor-top-column elementor-element elementor-element-4a09303\" data-id=\"4a09303\" data-element_type=\"column\">\n\t\t\t<div class=\"elementor-widget-wrap elementor-element-populated\">\n\t\t\t\t\t\t<div class=\"elementor-element elementor-element-bf15804 elementor-widget elementor-widget-image\" data-id=\"bf15804\" data-element_type=\"widget\" data-widget_type=\"image.default\">\n\t\t\t\t<div class=\"elementor-widget-container\">\n\t\t\t<style>\/*! elementor - v3.23.0 - 05-08-2024 *\/\n.elementor-widget-image{text-align:center}.elementor-widget-image a{display:inline-block}.elementor-widget-image a img[src$=\".svg\"]{width:48px}.elementor-widget-image img{vertical-align:middle;display:inline-block}<\/style>\t\t\t\t\t\t\t\t\t\t<img fetchpriority=\"high\" decoding=\"async\" width=\"765\" height=\"510\" src=\"https:\/\/i0.wp.com\/www.tiyoma-trade-tourism.com\/en\/wp-content\/uploads\/2022\/08\/ece02f59e368cc06b17738a46fc1a9a4.jpg?fit=765%2C510&amp;ssl=1\" class=\"attachment-large size-large wp-image-718\" alt=\"\" srcset=\"https:\/\/i0.wp.com\/www.tiyoma-trade-tourism.com\/en\/wp-content\/uploads\/2022\/08\/ece02f59e368cc06b17738a46fc1a9a4.jpg?w=765&amp;ssl=1 765w, https:\/\/i0.wp.com\/www.tiyoma-trade-tourism.com\/en\/wp-content\/uploads\/2022\/08\/ece02f59e368cc06b17738a46fc1a9a4.jpg?resize=300%2C200&amp;ssl=1 300w, https:\/\/i0.wp.com\/www.tiyoma-trade-tourism.com\/en\/wp-content\/uploads\/2022\/08\/ece02f59e368cc06b17738a46fc1a9a4.jpg?resize=585%2C390&amp;ssl=1 585w, https:\/\/i0.wp.com\/www.tiyoma-trade-tourism.com\/en\/wp-content\/uploads\/2022\/08\/ece02f59e368cc06b17738a46fc1a9a4.jpg?resize=263%2C175&amp;ssl=1 263w\" sizes=\"(max-width: 765px) 100vw, 765px\" \/>\t\t\t\t\t\t\t\t\t\t\t\t\t<\/div>\n\t\t\t\t<\/div>\n\t\t\t\t\t<\/div>\n\t\t<\/div>\n\t\t\t\t\t<\/div>\n\t\t<\/section>\n\t\t\t\t<\/div>\n\t\t","protected":false},"excerpt":{"rendered":"<p>travel and tourismTravel has great and multiple benefits that are reflected on human life, and below we will review some of these benefits:Changing the outlook on life:The experience of coexisting&hellip;<\/p>\n","protected":false},"author":1,"featured_media":0,"parent":0,"menu_order":0,"comment_status":"closed","ping_status":"closed","template":"","meta":[],"jetpack-related-posts":[{"id":8,"url":"https:\/\/www.tiyoma-trade-tourism.com\/en\/our-service\/","url_meta":{"origin":312,"position":0},"title":"Our Service","author":"admin","date":"October 18, 2019","format":false,"excerpt":"Our Service 50% Off On All Packages Nemo enim ipsam voluptatem quia voluptas sit aspernatur aut odit aut fugit, sed quia consequuntur magni dolor. contact us HOTEL BOOKING Lorem ipsum dolor sit amet, consectetur adipiscing elit. Ut elit tellus, luctus nec ullamcorper mattis, pulvinar dapibus. TRAVEL PLANNING Lorem ipsum dolor\u2026","rel":"","context":"Similar post","block_context":{"text":"Similar post","link":""},"img":{"alt_text":"","src":"https:\/\/i0.wp.com\/www.tiyoma-trade-tourism.com\/wp-content\/uploads\/2019\/10\/15.jpg?resize=350%2C200&ssl=1","width":350,"height":200,"srcset":"https:\/\/i0.wp.com\/www.tiyoma-trade-tourism.com\/wp-content\/uploads\/2019\/10\/15.jpg?resize=350%2C200&ssl=1 1x, https:\/\/i0.wp.com\/www.tiyoma-trade-tourism.com\/wp-content\/uploads\/2019\/10\/15.jpg?resize=525%2C300&ssl=1 1.5x, https:\/\/i0.wp.com\/www.tiyoma-trade-tourism.com\/wp-content\/uploads\/2019\/10\/15.jpg?resize=700%2C400&ssl=1 2x, https:\/\/i0.wp.com\/www.tiyoma-trade-tourism.com\/wp-content\/uploads\/2019\/10\/15.jpg?resize=1050%2C600&ssl=1 3x, https:\/\/i0.wp.com\/www.tiyoma-trade-tourism.com\/wp-content\/uploads\/2019\/10\/15.jpg?resize=1400%2C800&ssl=1 4x"},"classes":[]},{"id":319,"url":"https:\/\/www.tiyoma-trade-tourism.com\/en\/real-estate-and-real-estate-residency\/","url_meta":{"origin":312,"position":1},"title":"Real estate and real estate residency","author":"admin","date":"August 20, 2022","format":false,"excerpt":"Real Estate ServicesAnkara\u2026 is considered the political capital of Turkey\u2026. It is located in the center of the country in the Anatolia region\u2026 and an attractive destination for all those who are looking for calm and a beautiful and elegant life. Including Arab and African, and the city covers a\u2026","rel":"","context":"Similar post","block_context":{"text":"Similar post","link":""},"img":{"alt_text":"","src":"https:\/\/i0.wp.com\/www.tiyoma-trade-tourism.com\/en\/wp-content\/uploads\/2022\/08\/\u00d8\u00a7\u00d9\u201e\u00d8\u00ad\u00d8\u00b5\u00d9\u02c6\u00d9\u201e-\u00d8\u00b9\u00d9\u201e\u00d9\u2030-\u00d8\u00a3\u00d9\u0081\u00d8\u00b6\u00d9\u201e-\u00d8\u00a7\u00d9\u201e\u00d8\u00ae\u00d8\u00af\u00d9\u2026\u00d8\u00a7\u00d8\u00aa-\u00d8\u00a7\u00d9\u201e\u00d8\u00b9\u00d9\u201a\u00d8\u00a7\u00d8\u00b1\u00d9\u0160\u00d8\u00a9-\u00d8\u00a8\u00d8\u00a7\u00d9\u201e\u00d8\u00af\u00d9\u2026\u00d8\u00a7\u00d9\u2026.jpg?resize=350%2C200&ssl=1","width":350,"height":200,"srcset":"https:\/\/i0.wp.com\/www.tiyoma-trade-tourism.com\/en\/wp-content\/uploads\/2022\/08\/\u00d8\u00a7\u00d9\u201e\u00d8\u00ad\u00d8\u00b5\u00d9\u02c6\u00d9\u201e-\u00d8\u00b9\u00d9\u201e\u00d9\u2030-\u00d8\u00a3\u00d9\u0081\u00d8\u00b6\u00d9\u201e-\u00d8\u00a7\u00d9\u201e\u00d8\u00ae\u00d8\u00af\u00d9\u2026\u00d8\u00a7\u00d8\u00aa-\u00d8\u00a7\u00d9\u201e\u00d8\u00b9\u00d9\u201a\u00d8\u00a7\u00d8\u00b1\u00d9\u0160\u00d8\u00a9-\u00d8\u00a8\u00d8\u00a7\u00d9\u201e\u00d8\u00af\u00d9\u2026\u00d8\u00a7\u00d9\u2026.jpg?resize=350%2C200&ssl=1 1x, https:\/\/i0.wp.com\/www.tiyoma-trade-tourism.com\/en\/wp-content\/uploads\/2022\/08\/\u00d8\u00a7\u00d9\u201e\u00d8\u00ad\u00d8\u00b5\u00d9\u02c6\u00d9\u201e-\u00d8\u00b9\u00d9\u201e\u00d9\u2030-\u00d8\u00a3\u00d9\u0081\u00d8\u00b6\u00d9\u201e-\u00d8\u00a7\u00d9\u201e\u00d8\u00ae\u00d8\u00af\u00d9\u2026\u00d8\u00a7\u00d8\u00aa-\u00d8\u00a7\u00d9\u201e\u00d8\u00b9\u00d9\u201a\u00d8\u00a7\u00d8\u00b1\u00d9\u0160\u00d8\u00a9-\u00d8\u00a8\u00d8\u00a7\u00d9\u201e\u00d8\u00af\u00d9\u2026\u00d8\u00a7\u00d9\u2026.jpg?resize=525%2C300&ssl=1 1.5x, https:\/\/i0.wp.com\/www.tiyoma-trade-tourism.com\/en\/wp-content\/uploads\/2022\/08\/\u00d8\u00a7\u00d9\u201e\u00d8\u00ad\u00d8\u00b5\u00d9\u02c6\u00d9\u201e-\u00d8\u00b9\u00d9\u201e\u00d9\u2030-\u00d8\u00a3\u00d9\u0081\u00d8\u00b6\u00d9\u201e-\u00d8\u00a7\u00d9\u201e\u00d8\u00ae\u00d8\u00af\u00d9\u2026\u00d8\u00a7\u00d8\u00aa-\u00d8\u00a7\u00d9\u201e\u00d8\u00b9\u00d9\u201a\u00d8\u00a7\u00d8\u00b1\u00d9\u0160\u00d8\u00a9-\u00d8\u00a8\u00d8\u00a7\u00d9\u201e\u00d8\u00af\u00d9\u2026\u00d8\u00a7\u00d9\u2026.jpg?resize=700%2C400&ssl=1 2x"},"classes":[]},{"id":14,"url":"https:\/\/www.tiyoma-trade-tourism.com\/en\/our-blog\/","url_meta":{"origin":312,"position":2},"title":"Our Blog","author":"admin","date":"October 18, 2019","format":false,"excerpt":"OUR BLOG Trip Ideas Traveling Abroad for Thanksgiving Is a Great Way to Save Money by Penci Design October 11, 2019 October 11, 2019 Lommodo ligula eget dolor. Aenean massa. Cum sociis que penatibus et magnis dis parturient montes lorem, nascetur ridiculus mus. Donec quam felis, ultricies nec, pellentesque eu,\u2026","rel":"","context":"Similar post","block_context":{"text":"Similar post","link":""},"img":{"alt_text":"","src":"","width":0,"height":0},"classes":[]},{"id":304,"url":"https:\/\/www.tiyoma-trade-tourism.com\/en\/","url_meta":{"origin":312,"position":3},"title":"Soledad_Home","author":"admin","date":"October 18, 2019","format":false,"excerpt":"tiyoma for trade and tourismThe company provides commercial services. Tourist. therapeutic. Real estate and all student services in Turkeytiyoma for trade and tourismThe company provides commercial services. Tourist. therapeutic. Real estate and all student services in Turkey Booking of hotels tiyoma travels with you all over the world and provides\u2026","rel":"","context":"Similar post","block_context":{"text":"Similar post","link":""},"img":{"alt_text":"","src":"https:\/\/i0.wp.com\/www.tiyoma-trade-tourism.com\/en\/wp-content\/uploads\/2022\/08\/11b69bb5-f46a-45a2-9e07-73520e0bc776.jpg?resize=350%2C200&ssl=1","width":350,"height":200,"srcset":"https:\/\/i0.wp.com\/www.tiyoma-trade-tourism.com\/en\/wp-content\/uploads\/2022\/08\/11b69bb5-f46a-45a2-9e07-73520e0bc776.jpg?resize=350%2C200&ssl=1 1x, https:\/\/i0.wp.com\/www.tiyoma-trade-tourism.com\/en\/wp-content\/uploads\/2022\/08\/11b69bb5-f46a-45a2-9e07-73520e0bc776.jpg?resize=525%2C300&ssl=1 1.5x"},"classes":[]},{"id":315,"url":"https:\/\/www.tiyoma-trade-tourism.com\/en\/medical-tourism\/","url_meta":{"origin":312,"position":4},"title":"Medical Tourism","author":"admin","date":"August 20, 2022","format":false,"excerpt":"The medical institution offers an advanced and more specialized concept in medical tourism that is commensurate with the development and progress in the medical field.And the treatment journey begins from the country of the patient and ends with a healthy return, God willingIt begins with the following stages:Pre-travel servicesTravel servicesServices\u2026","rel":"","context":"Similar post","block_context":{"text":"Similar post","link":""},"img":{"alt_text":"","src":"https:\/\/i0.wp.com\/www.tiyoma-trade-tourism.com\/en\/wp-content\/uploads\/2022\/08\/WhatsApp-Image-2022-08-20-at-7.34.36-PM.jpeg?resize=350%2C200&ssl=1","width":350,"height":200,"srcset":"https:\/\/i0.wp.com\/www.tiyoma-trade-tourism.com\/en\/wp-content\/uploads\/2022\/08\/WhatsApp-Image-2022-08-20-at-7.34.36-PM.jpeg?resize=350%2C200&ssl=1 1x, https:\/\/i0.wp.com\/www.tiyoma-trade-tourism.com\/en\/wp-content\/uploads\/2022\/08\/WhatsApp-Image-2022-08-20-at-7.34.36-PM.jpeg?resize=525%2C300&ssl=1 1.5x"},"classes":[]},{"id":321,"url":"https:\/\/www.tiyoma-trade-tourism.com\/en\/import-and-export\/","url_meta":{"origin":312,"position":5},"title":"Import and Export","author":"admin","date":"August 20, 2022","format":false,"excerpt":"One of the most important activities that witnessed the turnout of many traders and investors, and to obtain the largest amount of information related to Turkey\u2019s companies and factories in terms of their names and how to communicate with them and their products in the markets, we help you by\u2026","rel":"","context":"Similar post","block_context":{"text":"Similar post","link":""},"img":{"alt_text":"","src":"https:\/\/i0.wp.com\/www.tiyoma-trade-tourism.com\/en\/wp-content\/uploads\/2022\/08\/69969ea94c3062473820ae6ed4fd8161JFd_6533eG-1024x576.jpg?resize=350%2C200&ssl=1","width":350,"height":200,"srcset":"https:\/\/i0.wp.com\/www.tiyoma-trade-tourism.com\/en\/wp-content\/uploads\/2022\/08\/69969ea94c3062473820ae6ed4fd8161JFd_6533eG-1024x576.jpg?resize=350%2C200&ssl=1 1x, https:\/\/i0.wp.com\/www.tiyoma-trade-tourism.com\/en\/wp-content\/uploads\/2022\/08\/69969ea94c3062473820ae6ed4fd8161JFd_6533eG-1024x576.jpg?resize=525%2C300&ssl=1 1.5x, https:\/\/i0.wp.com\/www.tiyoma-trade-tourism.com\/en\/wp-content\/uploads\/2022\/08\/69969ea94c3062473820ae6ed4fd8161JFd_6533eG-1024x576.jpg?resize=700%2C400&ssl=1 2x"},"classes":[]}],"_links":{"self":[{"href":"https:\/\/www.tiyoma-trade-tourism.com\/en\/wp-json\/wp\/v2\/pages\/312"}],"collection":[{"href":"https:\/\/www.tiyoma-trade-tourism.com\/en\/wp-json\/wp\/v2\/pages"}],"about":[{"href":"https:\/\/www.tiyoma-trade-tourism.com\/en\/wp-json\/wp\/v2\/types\/page"}],"author":[{"embeddable":true,"href":"https:\/\/www.tiyoma-trade-tourism.com\/en\/wp-json\/wp\/v2\/users\/1"}],"replies":[{"embeddable":true,"href":"https:\/\/www.tiyoma-trade-tourism.com\/en\/wp-json\/wp\/v2\/comments?post=312"}],"version-history":[{"count":17,"href":"https:\/\/www.tiyoma-trade-tourism.com\/en\/wp-json\/wp\/v2\/pages\/312\/revisions"}],"predecessor-version":[{"id":1244,"href":"https:\/\/www.tiyoma-trade-tourism.com\/en\/wp-json\/wp\/v2\/pages\/312\/revisions\/1244"}],"wp:attachment":[{"href":"https:\/\/www.tiyoma-trade-tourism.com\/en\/wp-json\/wp\/v2\/media?parent=312"}],"curies":[{"name":"wp","href":"https:\/\/api.w.org\/{rel}","templated":true}]}}