{"id":12,"date":"2019-10-18T08:34:14","date_gmt":"2019-10-18T08:34:14","guid":{"rendered":"https:\/\/demosoledad.pencidesign.net\/soledad-travel-agency-multipurpose\/?page_id=12"},"modified":"2022-09-03T20:18:52","modified_gmt":"2022-09-03T20:18:52","slug":"contact-us","status":"publish","type":"page","link":"https:\/\/www.tiyoma-trade-tourism.com\/en\/contact-us\/","title":{"rendered":"Contact Us"},"content":{"rendered":"\t\t<div data-elementor-type=\"wp-page\" data-elementor-id=\"12\" class=\"elementor elementor-12\">\n\t\t\t\t\t\t<section class=\"penci-section penci-dmcheck penci-elbg-activate penci-disSticky penci-structure-10 elementor-section elementor-top-section elementor-element elementor-element-56884df elementor-section-boxed elementor-section-height-default elementor-section-height-default\" data-id=\"56884df\" data-element_type=\"section\" data-settings=\"{&quot;background_background&quot;:&quot;classic&quot;,&quot;shape_divider_bottom&quot;:&quot;mountains&quot;}\">\n\t\t\t\t\t<div class=\"elementor-shape elementor-shape-bottom\" data-negative=\"false\">\n\t\t\t<svg xmlns=\"http:\/\/www.w3.org\/2000\/svg\" viewBox=\"0 0 1000 100\" preserveAspectRatio=\"none\">\n\t<path class=\"elementor-shape-fill\" opacity=\"0.33\" d=\"M473,67.3c-203.9,88.3-263.1-34-320.3,0C66,119.1,0,59.7,0,59.7V0h1000v59.7 c0,0-62.1,26.1-94.9,29.3c-32.8,3.3-62.8-12.3-75.8-22.1C806,49.6,745.3,8.7,694.9,4.7S492.4,59,473,67.3z\"\/>\n\t<path class=\"elementor-shape-fill\" opacity=\"0.66\" d=\"M734,67.3c-45.5,0-77.2-23.2-129.1-39.1c-28.6-8.7-150.3-10.1-254,39.1 s-91.7-34.4-149.2,0C115.7,118.3,0,39.8,0,39.8V0h1000v36.5c0,0-28.2-18.5-92.1-18.5C810.2,18.1,775.7,67.3,734,67.3z\"\/>\n\t<path class=\"elementor-shape-fill\" d=\"M766.1,28.9c-200-57.5-266,65.5-395.1,19.5C242,1.8,242,5.4,184.8,20.6C128,35.8,132.3,44.9,89.9,52.5C28.6,63.7,0,0,0,0 h1000c0,0-9.9,40.9-83.6,48.1S829.6,47,766.1,28.9z\"\/>\n<\/svg>\t\t<\/div>\n\t\t\t\t\t<div class=\"elementor-container elementor-column-gap-no\">\n\t\t\t\t\t<div class=\"penci-ercol-100 penci-ercol-order-1 penci-sticky-ct    elementor-column elementor-col-100 elementor-top-column elementor-element elementor-element-af952a8\" data-id=\"af952a8\" data-element_type=\"column\">\n\t\t\t<div class=\"elementor-widget-wrap elementor-element-populated\">\n\t\t\t\t\t\t<div class=\"elementor-element elementor-element-a15c2cb elementor-widget elementor-widget-penci-fancy_heading\" data-id=\"a15c2cb\" data-element_type=\"widget\" data-widget_type=\"penci-fancy_heading.default\">\n\t\t\t\t<div class=\"elementor-widget-container\">\n\t\t\t\t\t<div class=\"penci-fancy-heading penci-heading-text-center\">\r\n\t\t\t<div class=\"penci-fancy-heading-inner\">\r\n\t\t\t\t<h2 class=\"penci-heading-title\"><span class=\"inner-tit\">call us<\/span><\/h2>\t\t\t<\/div>\r\n\t\t<\/div>\r\n\t\t\t\t<\/div>\n\t\t\t\t<\/div>\n\t\t\t\t\t<\/div>\n\t\t<\/div>\n\t\t\t\t\t<\/div>\n\t\t<\/section>\n\t\t\t\t<section class=\"penci-section penci-disSticky penci-structure-30 elementor-section elementor-top-section elementor-element elementor-element-ff88de4 elementor-section-boxed elementor-section-height-default elementor-section-height-default\" data-id=\"ff88de4\" data-element_type=\"section\">\n\t\t\t\t\t\t<div class=\"elementor-container elementor-column-gap-extended\">\n\t\t\t\t\t<div class=\"penci-ercol-33 penci-ercol-order-1 penci-sticky-sb penci-sidebarSC   elementor-column elementor-col-33 elementor-top-column elementor-element elementor-element-25e9fd5\" data-id=\"25e9fd5\" data-element_type=\"column\">\n\t\t\t<div class=\"elementor-widget-wrap elementor-element-populated\">\n\t\t\t\t\t\t<div class=\"elementor-element elementor-element-41b07d3 elementor-widget elementor-widget-penci-info-box\" data-id=\"41b07d3\" data-element_type=\"widget\" data-widget_type=\"penci-info-box.default\">\n\t\t\t\t<div class=\"elementor-widget-container\">\n\t\t\t\t\t<div id=\"penci_info_box_11460\" class=\"penci-block-vc penci-info-box penci-ibox-top-center penci-view-stacked penci-shape-circle\">\r\n\t\t\t<div class=\"penci-ibox-inner penci-animation-grow\">\r\n\t\t\t\t\t\t\t\t<div class=\"penci-ibox-icon penci-ibox-icon--icon penci-icon penci-tibox-icon\"><span class=\"penci-ibox-icon-fa\"><i class=\"penci-ibox-icon--i fa fa-location-arrow\" aria-hidden=\"true\"><\/i><\/span><\/div>\t\t\t\t<div class=\"penci-ibox-content-wrap\">\r\n\t\t\t\t\t\t\t\t\t\t<h3 class=\"penci-ibox-title\">office address<\/h3>\t\t\t\t\t\t\t\t\t\t<div class=\"penci-ibox-content\"><p>Kavaklidere Bulvari no :185 kat :5<\/p>\n<p>\nKavaklidere Ankara<\/p>\n<p>\n06500Ankara-Turkey<\/p>\n<\/div>\t\t\t\t\t\t\t\t\t<\/div>\r\n\t\t\t<\/div>\r\n\t\t<\/div>\r\n\t\t\t\t<\/div>\n\t\t\t\t<\/div>\n\t\t\t\t\t<\/div>\n\t\t<\/div>\n\t\t\t\t<div class=\"penci-ercol-33 penci-ercol-order-2 penci-sticky-sb penci-sidebarSC   elementor-column elementor-col-33 elementor-top-column elementor-element elementor-element-b9d2a7b\" data-id=\"b9d2a7b\" data-element_type=\"column\">\n\t\t\t<div class=\"elementor-widget-wrap elementor-element-populated\">\n\t\t\t\t\t\t<div class=\"elementor-element elementor-element-c4d1707 elementor-widget elementor-widget-penci-info-box\" data-id=\"c4d1707\" data-element_type=\"widget\" data-widget_type=\"penci-info-box.default\">\n\t\t\t\t<div class=\"elementor-widget-container\">\n\t\t\t\t\t<div id=\"penci_info_box_82783\" class=\"penci-block-vc penci-info-box penci-ibox-top-center penci-view-stacked penci-shape-circle\">\r\n\t\t\t<div class=\"penci-ibox-inner penci-animation-grow\">\r\n\t\t\t\t\t\t\t\t<div class=\"penci-ibox-icon penci-ibox-icon--icon penci-icon penci-tibox-icon\"><span class=\"penci-ibox-icon-fa\"><i class=\"penci-ibox-icon--i fa fa-envelope-open\" aria-hidden=\"true\"><\/i><\/span><\/div>\t\t\t\t<div class=\"penci-ibox-content-wrap\">\r\n\t\t\t\t\t\t\t\t\t\t<h3 class=\"penci-ibox-title\">E-mail<\/h3>\t\t\t\t\t\t\t\t\t\t<div class=\"penci-ibox-content\"><p>info@tiyoma-trade-tourism.com<\/p>\n<p>tiyomafortradeandtour@gmail.com<\/p>\n<\/div>\t\t\t\t\t\t\t\t\t<\/div>\r\n\t\t\t<\/div>\r\n\t\t<\/div>\r\n\t\t\t\t<\/div>\n\t\t\t\t<\/div>\n\t\t\t\t\t<\/div>\n\t\t<\/div>\n\t\t\t\t<div class=\"penci-ercol-33 penci-ercol-order-3 penci-sticky-sb penci-sidebarSC   elementor-column elementor-col-33 elementor-top-column elementor-element elementor-element-171e58d\" data-id=\"171e58d\" data-element_type=\"column\">\n\t\t\t<div class=\"elementor-widget-wrap elementor-element-populated\">\n\t\t\t\t\t\t<div class=\"elementor-element elementor-element-b851fed elementor-widget elementor-widget-penci-info-box\" data-id=\"b851fed\" data-element_type=\"widget\" data-widget_type=\"penci-info-box.default\">\n\t\t\t\t<div class=\"elementor-widget-container\">\n\t\t\t\t\t<div id=\"penci_info_box_81984\" class=\"penci-block-vc penci-info-box penci-ibox-top-center penci-view-stacked penci-shape-circle\">\r\n\t\t\t<div class=\"penci-ibox-inner penci-animation-grow\">\r\n\t\t\t\t\t\t\t\t<div class=\"penci-ibox-icon penci-ibox-icon--icon penci-icon penci-tibox-icon\"><span class=\"penci-ibox-icon-fa\"><i class=\"penci-ibox-icon--i fa fa-phone\" aria-hidden=\"true\"><\/i><\/span><\/div>\t\t\t\t<div class=\"penci-ibox-content-wrap\">\r\n\t\t\t\t\t\t\t\t\t\t<h3 class=\"penci-ibox-title\">phone<\/h3>\t\t\t\t\t\t\t\t\t\t<div class=\"penci-ibox-content\"><p>00905350537173<\/p>\n<p>00905451775057<\/p>\n<p>00905077505763<\/p>\n<p>03126665308<\/p>\n<p>\n<\/div>\t\t\t\t\t\t\t\t\t<\/div>\r\n\t\t\t<\/div>\r\n\t\t<\/div>\r\n\t\t\t\t<\/div>\n\t\t\t\t<\/div>\n\t\t\t\t\t<\/div>\n\t\t<\/div>\n\t\t\t\t\t<\/div>\n\t\t<\/section>\n\t\t\t\t<section class=\"penci-section penci-disSticky penci-structure-20 elementor-section elementor-top-section elementor-element elementor-element-1bef429 elementor-section-content-middle elementor-section-boxed elementor-section-height-default elementor-section-height-default\" data-id=\"1bef429\" data-element_type=\"section\">\n\t\t\t\t\t\t<div class=\"elementor-container elementor-column-gap-no\">\n\t\t\t\t\t<div class=\"penci-ercol-50 penci-ercol-order-1 penci-sticky-ct    elementor-column elementor-col-50 elementor-top-column elementor-element elementor-element-d58d29d\" data-id=\"d58d29d\" data-element_type=\"column\">\n\t\t\t<div class=\"elementor-widget-wrap elementor-element-populated\">\n\t\t\t\t\t\t<div class=\"elementor-element elementor-element-6d0c0a6 elementor-widget elementor-widget-google_maps\" data-id=\"6d0c0a6\" data-element_type=\"widget\" data-widget_type=\"google_maps.default\">\n\t\t\t\t<div class=\"elementor-widget-container\">\n\t\t\t<style>\/*! elementor - v3.23.0 - 05-08-2024 *\/\n.elementor-widget-google_maps .elementor-widget-container{overflow:hidden}.elementor-widget-google_maps .elementor-custom-embed{line-height:0}.elementor-widget-google_maps iframe{height:300px}<\/style>\t\t<div class=\"elementor-custom-embed\">\n\t\t\t<iframe loading=\"lazy\"\n\t\t\t\t\tsrc=\"https:\/\/maps.google.com\/maps?q=Kavakl%C4%B1dere%2C%20Atat%C3%BCrk%20Blv%20NO%3A185%2C%2006680%20%C3%87ankaya%2FAnkara&#038;t=m&#038;z=10&#038;output=embed&#038;iwloc=near\"\n\t\t\t\t\ttitle=\"Kavakl\u0131dere, Atat\u00fcrk Blv NO:185, 06680 \u00c7ankaya\/Ankara\"\n\t\t\t\t\taria-label=\"Kavakl\u0131dere, Atat\u00fcrk Blv NO:185, 06680 \u00c7ankaya\/Ankara\"\n\t\t\t><\/iframe>\n\t\t<\/div>\n\t\t\t\t<\/div>\n\t\t\t\t<\/div>\n\t\t\t\t\t<\/div>\n\t\t<\/div>\n\t\t\t\t<div class=\"penci-ercol-50 penci-ercol-order-2 penci-sticky-ct  penci-dmcheck penci-elbg-activate  elementor-column elementor-col-50 elementor-top-column elementor-element elementor-element-83863c9\" data-id=\"83863c9\" data-element_type=\"column\" data-settings=\"{&quot;background_background&quot;:&quot;classic&quot;}\">\n\t\t\t<div class=\"elementor-widget-wrap elementor-element-populated\">\n\t\t\t\t\t\t<div class=\"elementor-element elementor-element-f37fb8d elementor-view-default elementor-widget elementor-widget-icon\" data-id=\"f37fb8d\" data-element_type=\"widget\" data-widget_type=\"icon.default\">\n\t\t\t\t<div class=\"elementor-widget-container\">\n\t\t\t\t\t<div class=\"elementor-icon-wrapper\">\n\t\t\t<div class=\"elementor-icon\">\n\t\t\t<i aria-hidden=\"true\" class=\"fas fa-phone-alt\"><\/i>\t\t\t<\/div>\n\t\t<\/div>\n\t\t\t\t<\/div>\n\t\t\t\t<\/div>\n\t\t\t\t<div class=\"elementor-element elementor-element-56fcb24 elementor-widget elementor-widget-penci-fancy_heading\" data-id=\"56fcb24\" data-element_type=\"widget\" data-widget_type=\"penci-fancy_heading.default\">\n\t\t\t\t<div class=\"elementor-widget-container\">\n\t\t\t\t\t<div class=\"penci-fancy-heading penci-heading-text-center\">\r\n\t\t\t<div class=\"penci-fancy-heading-inner\">\r\n\t\t\t\t<h2 class=\"penci-heading-title\"><span class=\"inner-tit\">Send Us A Message<\/span><\/h2><div class=\"penci-heading-content entry-content\"><p> Nemo enim ipsam voluptatem quia voluptas sit aspernatur aut odit aut fugit, sed quia consequuntur magni dolores eos qui.<\/p>\n<\/div>\t\t\t<\/div>\r\n\t\t<\/div>\r\n\t\t\t\t<\/div>\n\t\t\t\t<\/div>\n\t\t\t\t<div class=\"elementor-element elementor-element-b96d343 elementor-widget elementor-widget-shortcode\" data-id=\"b96d343\" data-element_type=\"widget\" data-widget_type=\"shortcode.default\">\n\t\t\t\t<div class=\"elementor-widget-container\">\n\t\t\t\t\t<div class=\"elementor-shortcode\">\n<div class=\"wpcf7 no-js\" id=\"wpcf7-f102-o1\" lang=\"en-US\" dir=\"ltr\">\n<div class=\"screen-reader-response\"><p role=\"status\" aria-live=\"polite\" aria-atomic=\"true\"><\/p> <ul><\/ul><\/div>\n<form action=\"\/en\/wp-json\/wp\/v2\/pages\/12#wpcf7-f102-o1\" method=\"post\" class=\"wpcf7-form init\" aria-label=\"Contact form\" novalidate=\"novalidate\" data-status=\"init\">\n<div style=\"display: none;\">\n<input type=\"hidden\" name=\"_wpcf7\" value=\"102\" \/>\n<input type=\"hidden\" name=\"_wpcf7_version\" value=\"5.7.7\" \/>\n<input type=\"hidden\" name=\"_wpcf7_locale\" value=\"en_US\" \/>\n<input type=\"hidden\" name=\"_wpcf7_unit_tag\" value=\"wpcf7-f102-o1\" \/>\n<input type=\"hidden\" name=\"_wpcf7_container_post\" value=\"0\" \/>\n<input type=\"hidden\" name=\"_wpcf7_posted_data_hash\" value=\"\" \/>\n<\/div>\n<p class=\"name\"><span class=\"wpcf7-form-control-wrap\" data-name=\"your-name\"><input size=\"40\" class=\"wpcf7-form-control wpcf7-text wpcf7-validates-as-required\" aria-required=\"true\" aria-invalid=\"false\" placeholder=\"Name*\" value=\"\" type=\"text\" name=\"your-name\" \/><\/span>\n<\/p>\n<p class=\"email\"><span class=\"wpcf7-form-control-wrap\" data-name=\"your-email\"><input size=\"40\" class=\"wpcf7-form-control wpcf7-text wpcf7-email wpcf7-validates-as-required wpcf7-validates-as-email\" aria-required=\"true\" aria-invalid=\"false\" placeholder=\"Email*\" value=\"\" type=\"email\" name=\"your-email\" \/><\/span>\n<\/p>\n<p class=\"subject\"><span class=\"wpcf7-form-control-wrap\" data-name=\"your-subject\"><input size=\"40\" class=\"wpcf7-form-control wpcf7-text\" aria-invalid=\"false\" placeholder=\"Subject\" value=\"\" type=\"text\" name=\"your-subject\" \/><\/span>\n<\/p>\n<p class=\"message\"><span class=\"wpcf7-form-control-wrap\" data-name=\"your-message\"><textarea cols=\"40\" rows=\"10\" class=\"wpcf7-form-control wpcf7-textarea wpcf7-validates-as-required\" aria-required=\"true\" aria-invalid=\"false\" placeholder=\"Your Message\" name=\"your-message\"><\/textarea><\/span>\n<\/p>\n<p class=\"submit\"><input class=\"wpcf7-form-control has-spinner wpcf7-submit\" type=\"submit\" value=\"Submit\" \/>\n<\/p>\n<style>\n.wpcf7 input[type=\"submit\"]{ background: #00acc1; color: #fff; }\n<\/style><div class=\"wpcf7-response-output\" aria-hidden=\"true\"><\/div>\n<\/form>\n<\/div>\n<\/div>\n\t\t\t\t<\/div>\n\t\t\t\t<\/div>\n\t\t\t\t\t<\/div>\n\t\t<\/div>\n\t\t\t\t\t<\/div>\n\t\t<\/section>\n\t\t\t\t<section class=\"penci-section penci-dmcheck penci-elbg-activate penci-elbg-img penci-disSticky penci-structure-10 elementor-section elementor-top-section elementor-element elementor-element-4d5c2f9 elementor-section-boxed elementor-section-height-default elementor-section-height-default\" data-id=\"4d5c2f9\" data-element_type=\"section\" data-settings=\"{&quot;background_background&quot;:&quot;classic&quot;,&quot;shape_divider_top&quot;:&quot;mountains&quot;}\">\n\t\t\t\t\t\t\t<div class=\"elementor-background-overlay\"><\/div>\n\t\t\t\t\t\t<div class=\"elementor-shape elementor-shape-top\" data-negative=\"false\">\n\t\t\t<svg xmlns=\"http:\/\/www.w3.org\/2000\/svg\" viewBox=\"0 0 1000 100\" preserveAspectRatio=\"none\">\n\t<path class=\"elementor-shape-fill\" opacity=\"0.33\" d=\"M473,67.3c-203.9,88.3-263.1-34-320.3,0C66,119.1,0,59.7,0,59.7V0h1000v59.7 c0,0-62.1,26.1-94.9,29.3c-32.8,3.3-62.8-12.3-75.8-22.1C806,49.6,745.3,8.7,694.9,4.7S492.4,59,473,67.3z\"\/>\n\t<path class=\"elementor-shape-fill\" opacity=\"0.66\" d=\"M734,67.3c-45.5,0-77.2-23.2-129.1-39.1c-28.6-8.7-150.3-10.1-254,39.1 s-91.7-34.4-149.2,0C115.7,118.3,0,39.8,0,39.8V0h1000v36.5c0,0-28.2-18.5-92.1-18.5C810.2,18.1,775.7,67.3,734,67.3z\"\/>\n\t<path class=\"elementor-shape-fill\" d=\"M766.1,28.9c-200-57.5-266,65.5-395.1,19.5C242,1.8,242,5.4,184.8,20.6C128,35.8,132.3,44.9,89.9,52.5C28.6,63.7,0,0,0,0 h1000c0,0-9.9,40.9-83.6,48.1S829.6,47,766.1,28.9z\"\/>\n<\/svg>\t\t<\/div>\n\t\t\t\t\t<div class=\"elementor-container elementor-column-gap-no\">\n\t\t\t\t\t<div class=\"penci-ercol-100 penci-ercol-order-1 penci-sticky-ct    elementor-column elementor-col-100 elementor-top-column elementor-element elementor-element-03f9e5f\" data-id=\"03f9e5f\" data-element_type=\"column\">\n\t\t\t<div class=\"elementor-widget-wrap\">\n\t\t\t\t\t\t\t<\/div>\n\t\t<\/div>\n\t\t\t\t\t<\/div>\n\t\t<\/section>\n\t\t\t\t<\/div>\n\t\t","protected":false},"excerpt":{"rendered":"<p>call us office address Kavaklidere Bulvari no :185 kat :5 Kavaklidere Ankara 06500Ankara-Turkey E-mail info@tiyoma-trade-tourism.com tiyomafortradeandtour@gmail.com phone 00905350537173 00905451775057 00905077505763 03126665308 Send Us A Message Nemo enim ipsam voluptatem quia&hellip;<\/p>\n","protected":false},"author":1,"featured_media":0,"parent":0,"menu_order":0,"comment_status":"closed","ping_status":"closed","template":"page-fullwidth.php","meta":[],"jetpack-related-posts":[{"id":304,"url":"https:\/\/www.tiyoma-trade-tourism.com\/en\/","url_meta":{"origin":12,"position":0},"title":"Soledad_Home","author":"admin","date":"October 18, 2019","format":false,"excerpt":"tiyoma for trade and tourismThe company provides commercial services. Tourist. therapeutic. Real estate and all student services in Turkeytiyoma for trade and tourismThe company provides commercial services. Tourist. therapeutic. Real estate and all student services in Turkey Booking of hotels tiyoma travels with you all over the world and provides\u2026","rel":"","context":"Similar post","block_context":{"text":"Similar post","link":""},"img":{"alt_text":"","src":"https:\/\/i0.wp.com\/www.tiyoma-trade-tourism.com\/en\/wp-content\/uploads\/2022\/08\/11b69bb5-f46a-45a2-9e07-73520e0bc776.jpg?resize=350%2C200&ssl=1","width":350,"height":200,"srcset":"https:\/\/i0.wp.com\/www.tiyoma-trade-tourism.com\/en\/wp-content\/uploads\/2022\/08\/11b69bb5-f46a-45a2-9e07-73520e0bc776.jpg?resize=350%2C200&ssl=1 1x, https:\/\/i0.wp.com\/www.tiyoma-trade-tourism.com\/en\/wp-content\/uploads\/2022\/08\/11b69bb5-f46a-45a2-9e07-73520e0bc776.jpg?resize=525%2C300&ssl=1 1.5x"},"classes":[]},{"id":806,"url":"https:\/\/www.tiyoma-trade-tourism.com\/en\/poultry\/","url_meta":{"origin":12,"position":1},"title":"poultry","author":"admin","date":"August 25, 2022","format":false,"excerpt":"\u062a\u064a\u0648\u0645\u0627 \u0644\u0644\u062a\u062c\u0627\u0631\u0629 \u062a\u0648\u0641\u0631 \u0644\u0643\u0645 \u0639\u0646\u0627\u0621 \u0627\u0644\u0628\u062d\u062b \u0639\u0646 \u0627\u062d\u062a\u064a\u0627\u062c\u0627\u062a\u0643\u0645\u0645\u0646 \u0627\u0633\u062a\u064a\u0631\u0627\u062f \u0643\u0627\u0641\u0629 \u0623\u0646\u0648\u0627\u0639 \u0627\u0644\u062f\u0648\u0627\u062c\u0646\u0648 \u062a\u0642\u062f\u0645 \u0643\u0627\u0641\u0629 \u0627\u0644\u062f\u0639\u0645 \u0627\u0644\u0641\u0646\u064a \u0648\u0627\u0644\u0644\u0648\u062c\u064a\u0633\u062a\u064a","rel":"","context":"Similar post","block_context":{"text":"Similar post","link":""},"img":{"alt_text":"","src":"https:\/\/i0.wp.com\/www.tiyoma-trade-tourism.com\/wp-content\/uploads\/2022\/08\/\u00d9\u2026\u00d8\u00b4\u00d8\u00b1\u00d9\u02c6\u00d8\u00b9-\u00d8\u00aa\u00d8\u00b1\u00d8\u00a8\u00d9\u0160\u00d8\u00a9-\u00d8\u00a7\u00d9\u201e\u00d8\u00af\u00d9\u02c6\u00d8\u00a7\u00d8\u00ac\u00d9\u2020-\u00d9\u0081\u00d9\u0160-\u00d8\u00aa\u00d8\u00b1\u00d9\u0192\u00d9\u0160\u00d8\u00a7-1024x732-1.jpg?resize=350%2C200&ssl=1","width":350,"height":200,"srcset":"https:\/\/i0.wp.com\/www.tiyoma-trade-tourism.com\/wp-content\/uploads\/2022\/08\/\u00d9\u2026\u00d8\u00b4\u00d8\u00b1\u00d9\u02c6\u00d8\u00b9-\u00d8\u00aa\u00d8\u00b1\u00d8\u00a8\u00d9\u0160\u00d8\u00a9-\u00d8\u00a7\u00d9\u201e\u00d8\u00af\u00d9\u02c6\u00d8\u00a7\u00d8\u00ac\u00d9\u2020-\u00d9\u0081\u00d9\u0160-\u00d8\u00aa\u00d8\u00b1\u00d9\u0192\u00d9\u0160\u00d8\u00a7-1024x732-1.jpg?resize=350%2C200&ssl=1 1x, https:\/\/i0.wp.com\/www.tiyoma-trade-tourism.com\/wp-content\/uploads\/2022\/08\/\u00d9\u2026\u00d8\u00b4\u00d8\u00b1\u00d9\u02c6\u00d8\u00b9-\u00d8\u00aa\u00d8\u00b1\u00d8\u00a8\u00d9\u0160\u00d8\u00a9-\u00d8\u00a7\u00d9\u201e\u00d8\u00af\u00d9\u02c6\u00d8\u00a7\u00d8\u00ac\u00d9\u2020-\u00d9\u0081\u00d9\u0160-\u00d8\u00aa\u00d8\u00b1\u00d9\u0192\u00d9\u0160\u00d8\u00a7-1024x732-1.jpg?resize=525%2C300&ssl=1 1.5x, https:\/\/i0.wp.com\/www.tiyoma-trade-tourism.com\/wp-content\/uploads\/2022\/08\/\u00d9\u2026\u00d8\u00b4\u00d8\u00b1\u00d9\u02c6\u00d8\u00b9-\u00d8\u00aa\u00d8\u00b1\u00d8\u00a8\u00d9\u0160\u00d8\u00a9-\u00d8\u00a7\u00d9\u201e\u00d8\u00af\u00d9\u02c6\u00d8\u00a7\u00d8\u00ac\u00d9\u2020-\u00d9\u0081\u00d9\u0160-\u00d8\u00aa\u00d8\u00b1\u00d9\u0192\u00d9\u0160\u00d8\u00a7-1024x732-1.jpg?resize=700%2C400&ssl=1 2x"},"classes":[]},{"id":809,"url":"https:\/\/www.tiyoma-trade-tourism.com\/en\/pets\/","url_meta":{"origin":12,"position":2},"title":"Pets","author":"admin","date":"August 25, 2022","format":false,"excerpt":"\u062a\u064a\u0648\u0645\u0627 \u0644\u0644\u062a\u062c\u0627\u0631\u0629 \u062a\u0648\u0641\u0631 \u0644\u0643\u0645 \u0639\u0646\u0627\u0621 \u0627\u0644\u0628\u062d\u062b \u0639\u0646 \u0627\u062d\u062a\u064a\u0627\u062c\u0627\u062a\u0643\u0645\u0645\u0646 \u0627\u0633\u062a\u064a\u0631\u0627\u062f \u062c\u0645\u064a\u0639 \u0627\u0646\u0648\u0627\u0639 \u0627\u0644\u062d\u064a\u0648\u0627\u0646\u0627\u062a \u0627\u0644\u0627\u0644\u064a\u0641\u0629 \u0648\u0627\u0644\u0645\u0646\u0632\u0644\u064a\u0629\u0648 \u062a\u0642\u062f\u0645 \u0643\u0627\u0641\u0629 \u0627\u0644\u062f\u0639\u0645 \u0627\u0644\u0641\u0646\u064a \u0648\u0627\u0644\u0644\u0648\u062c\u064a\u0633\u062a\u064a","rel":"","context":"Similar post","block_context":{"text":"Similar post","link":""},"img":{"alt_text":"","src":"https:\/\/i0.wp.com\/www.tiyoma-trade-tourism.com\/wp-content\/uploads\/2022\/08\/1.jpg?resize=350%2C200&ssl=1","width":350,"height":200},"classes":[]},{"id":323,"url":"https:\/\/www.tiyoma-trade-tourism.com\/en\/food\/","url_meta":{"origin":12,"position":3},"title":"Food","author":"admin","date":"August 20, 2022","format":false,"excerpt":"\u062a\u064a\u0648\u0645\u0627 \u0644\u0644\u062a\u062c\u0627\u0631\u0629 \u062a\u0648\u0641\u0631 \u0644\u0643\u0645 \u0639\u0646\u0627\u0621 \u0627\u0644\u0628\u062d\u062b \u0639\u0646 \u0627\u062d\u062a\u064a\u0627\u062c\u0627\u062a\u0643\u0645 \u0645\u0646 \u0627\u0633\u062a\u064a\u0631\u0627\u062f \u0643\u0627\u0641\u0629 \u0623\u0646\u0648\u0627\u0639 \u0627\u0644\u0645\u0648\u0627\u062f \u0627\u0644\u063a\u0630\u0627\u0626\u064a\u0629 \u0648 \u062a\u0642\u062f\u0645 \u0643\u0627\u0641\u0629 \u0627\u0644\u062f\u0639\u0645 \u0627\u0644\u0641\u0646\u064a \u0648\u0627\u0644\u0644\u0648\u062c\u064a\u0633\u062a\u064a","rel":"","context":"Similar post","block_context":{"text":"Similar post","link":""},"img":{"alt_text":"","src":"https:\/\/i0.wp.com\/www.tiyoma-trade-tourism.com\/wp-content\/uploads\/2022\/08\/55416bddcb633ce59061f3e456e6ad39.jpg?resize=350%2C200&ssl=1","width":350,"height":200,"srcset":"https:\/\/i0.wp.com\/www.tiyoma-trade-tourism.com\/wp-content\/uploads\/2022\/08\/55416bddcb633ce59061f3e456e6ad39.jpg?resize=350%2C200&ssl=1 1x, https:\/\/i0.wp.com\/www.tiyoma-trade-tourism.com\/wp-content\/uploads\/2022\/08\/55416bddcb633ce59061f3e456e6ad39.jpg?resize=525%2C300&ssl=1 1.5x, https:\/\/i0.wp.com\/www.tiyoma-trade-tourism.com\/wp-content\/uploads\/2022\/08\/55416bddcb633ce59061f3e456e6ad39.jpg?resize=700%2C400&ssl=1 2x"},"classes":[]},{"id":791,"url":"https:\/\/www.tiyoma-trade-tourism.com\/en\/baby-essentials\/","url_meta":{"origin":12,"position":4},"title":"baby essentials","author":"admin","date":"August 25, 2022","format":false,"excerpt":"\u062a\u064a\u0648\u0645\u0627 \u0644\u0644\u062a\u062c\u0627\u0631\u0629 \u062a\u0648\u0641\u0631 \u0644\u0643\u0645 \u0639\u0646\u0627\u0621 \u0627\u0644\u0628\u062d\u062b \u0639\u0646 \u0627\u062d\u062a\u064a\u0627\u062c\u0627\u062a\u0643\u0645\u0645\u0646 \u0627\u0633\u062a\u064a\u0631\u0627\u062f \u0643\u0627\u0641\u0629 \u0645\u0633\u062a\u0644\u0632\u0645\u0627\u062a \u0627\u0644\u0627\u0637\u0641\u0627\u0644\u0648 \u062a\u0642\u062f\u0645 \u0643\u0627\u0641\u0629 \u0627\u0644\u062f\u0639\u0645 \u0627\u0644\u0641\u0646\u064a \u0648\u0627\u0644\u0644\u0648\u062c\u064a\u0633\u062a\u064a","rel":"","context":"Similar post","block_context":{"text":"Similar post","link":""},"img":{"alt_text":"","src":"https:\/\/i0.wp.com\/www.tiyoma-trade-tourism.com\/wp-content\/uploads\/2022\/08\/maxresdefault-1024x576.jpg?resize=350%2C200&ssl=1","width":350,"height":200,"srcset":"https:\/\/i0.wp.com\/www.tiyoma-trade-tourism.com\/wp-content\/uploads\/2022\/08\/maxresdefault-1024x576.jpg?resize=350%2C200&ssl=1 1x, https:\/\/i0.wp.com\/www.tiyoma-trade-tourism.com\/wp-content\/uploads\/2022\/08\/maxresdefault-1024x576.jpg?resize=525%2C300&ssl=1 1.5x, https:\/\/i0.wp.com\/www.tiyoma-trade-tourism.com\/wp-content\/uploads\/2022\/08\/maxresdefault-1024x576.jpg?resize=700%2C400&ssl=1 2x"},"classes":[]},{"id":794,"url":"https:\/\/www.tiyoma-trade-tourism.com\/en\/beauty-tools\/","url_meta":{"origin":12,"position":5},"title":"Beauty Tools","author":"admin","date":"August 25, 2022","format":false,"excerpt":"\u062a\u064a\u0648\u0645\u0627 \u0644\u0644\u062a\u062c\u0627\u0631\u0629 \u062a\u0648\u0641\u0631 \u0644\u0643\u0645 \u0639\u0646\u0627\u0621 \u0627\u0644\u0628\u062d\u062b \u0639\u0646 \u0627\u062d\u062a\u064a\u0627\u062c\u0627\u062a\u0643\u0645\u0645\u0646 \u0627\u0633\u062a\u064a\u0631\u0627\u062f \u0643\u0627\u0641\u0629 \u0623\u0646\u0648\u0627\u0639 \u0627\u062f\u0648\u0627\u062a \u0627\u0644\u062a\u062c\u0645\u064a\u0644\u0648 \u062a\u0642\u062f\u0645 \u0643\u0627\u0641\u0629 \u0627\u0644\u062f\u0639\u0645 \u0627\u0644\u0641\u0646\u064a \u0648\u0627\u0644\u0644\u0648\u062c\u064a\u0633\u062a\u064a","rel":"","context":"Similar post","block_context":{"text":"Similar post","link":""},"img":{"alt_text":"","src":"","width":0,"height":0},"classes":[]}],"_links":{"self":[{"href":"https:\/\/www.tiyoma-trade-tourism.com\/en\/wp-json\/wp\/v2\/pages\/12"}],"collection":[{"href":"https:\/\/www.tiyoma-trade-tourism.com\/en\/wp-json\/wp\/v2\/pages"}],"about":[{"href":"https:\/\/www.tiyoma-trade-tourism.com\/en\/wp-json\/wp\/v2\/types\/page"}],"author":[{"embeddable":true,"href":"https:\/\/www.tiyoma-trade-tourism.com\/en\/wp-json\/wp\/v2\/users\/1"}],"replies":[{"embeddable":true,"href":"https:\/\/www.tiyoma-trade-tourism.com\/en\/wp-json\/wp\/v2\/comments?post=12"}],"version-history":[{"count":33,"href":"https:\/\/www.tiyoma-trade-tourism.com\/en\/wp-json\/wp\/v2\/pages\/12\/revisions"}],"predecessor-version":[{"id":1282,"href":"https:\/\/www.tiyoma-trade-tourism.com\/en\/wp-json\/wp\/v2\/pages\/12\/revisions\/1282"}],"wp:attachment":[{"href":"https:\/\/www.tiyoma-trade-tourism.com\/en\/wp-json\/wp\/v2\/media?parent=12"}],"curies":[{"name":"wp","href":"https:\/\/api.w.org\/{rel}","templated":true}]}}